{"id":27340,"date":"2026-03-13T12:22:02","date_gmt":"2026-03-13T12:22:02","guid":{"rendered":"https:\/\/trafoelettro.com\/produkte\/"},"modified":"2026-03-13T12:25:48","modified_gmt":"2026-03-13T12:25:48","slug":"produkte","status":"publish","type":"page","link":"https:\/\/trafoelettro.com\/de\/produkte\/","title":{"rendered":"Produkte"},"content":{"rendered":"\t\t<div data-elementor-type=\"wp-page\" data-elementor-id=\"27340\" class=\"elementor elementor-27340 elementor-16\" data-elementor-post-type=\"page\">\n\t\t\t\t<div class=\"elementor-element elementor-element-d2eb089 e-con-full elementor-hidden-desktop elementor-hidden-tablet elementor-hidden-mobile e-flex wpr-particle-no wpr-jarallax-no wpr-parallax-no wpr-sticky-section-no wpr-equal-height-no e-con e-parent\" data-id=\"d2eb089\" data-element_type=\"container\" data-e-type=\"container\" data-settings=\"{&quot;background_background&quot;:&quot;classic&quot;}\">\n\t\t\t\t<\/div>\n\t\t<div class=\"elementor-element elementor-element-fcb620c e-con-full e-flex wpr-particle-no wpr-jarallax-no wpr-parallax-no wpr-sticky-section-no wpr-equal-height-no e-con e-parent\" data-id=\"fcb620c\" data-element_type=\"container\" data-e-type=\"container\" data-settings=\"{&quot;background_background&quot;:&quot;classic&quot;}\">\n\t\t\t\t<div class=\"elementor-element elementor-element-ea2f2f9 elementor-widget elementor-widget-heading\" data-id=\"ea2f2f9\" data-element_type=\"widget\" data-e-type=\"widget\" data-widget_type=\"heading.default\">\n\t\t\t\t<div class=\"elementor-widget-container\">\n\t\t\t\t\t<h2 class=\"elementor-heading-title elementor-size-default\">PRODUKTE<\/h2>\t\t\t\t<\/div>\n\t\t\t\t<\/div>\n\t\t\t\t<\/div>\n\t\t<div class=\"elementor-element elementor-element-87ecfc7 e-con-full e-flex wpr-particle-no wpr-jarallax-no wpr-parallax-no wpr-sticky-section-no wpr-equal-height-no e-con e-parent\" data-id=\"87ecfc7\" data-element_type=\"container\" data-e-type=\"container\" data-settings=\"{&quot;background_background&quot;:&quot;classic&quot;}\">\n\t\t<div class=\"elementor-element elementor-element-ed5abd1 e-con-full e-flex wpr-particle-no wpr-jarallax-no wpr-parallax-no wpr-sticky-section-no wpr-equal-height-no e-con e-child\" data-id=\"ed5abd1\" data-element_type=\"container\" data-e-type=\"container\">\n\t\t\t\t<div class=\"elementor-element elementor-element-7a20642 elementor-widget-mobile__width-initial ssflip elementor-flip-box--effect-flip elementor-flip-box--direction-up elementor-widget elementor-widget-flip-box\" data-id=\"7a20642\" data-element_type=\"widget\" data-e-type=\"widget\" data-widget_type=\"flip-box.default\">\n\t\t\t\t<div class=\"elementor-widget-container\">\n\t\t\t\t\t\t\t<div class=\"elementor-flip-box\" tabindex=\"0\">\n\t\t\t<div class=\"elementor-flip-box__layer elementor-flip-box__front\">\n\t\t\t\t<div class=\"elementor-flip-box__layer__overlay\">\n\t\t\t\t\t<div class=\"elementor-flip-box__layer__inner\">\n\t\t\t\t\t\t\t\t\t\t\t\t\t<div class=\"elementor-icon-wrapper elementor-view-default\">\n\t\t\t\t\t\t\t\t<div class=\"elementor-icon\">\n\t\t\t\t\t\t\t\t\t\t\t\t\t\t\t\t\t<\/div>\n\t\t\t\t\t\t\t<\/div>\n\t\t\t\t\t\t\n\t\t\t\t\t\t\t\t\t\t\t\t\t<h3 class=\"elementor-flip-box__layer__title\">\n\t\t\t\t\t\t\t\tGIESSHARZ-TRANSFORMATOREN\t\t\t\t\t\t\t<\/h3>\n\t\t\t\t\t\t\n\t\t\t\t\t\t\t\t\t\t\t<\/div>\n\t\t\t\t<\/div>\n\t\t\t<\/div>\n\t\t\t<div class=\"elementor-flip-box__layer elementor-flip-box__back\">\n\t\t\t<div class=\"elementor-flip-box__layer__overlay\">\n\t\t\t\t<div class=\"elementor-flip-box__layer__inner\">\n\t\t\t\t\t\t\t\t\t\t\t<h3 class=\"elementor-flip-box__layer__title\">\n\t\t\t\t\t\t\tGie\u00dfharz-Transformatoren\t\t\t\t\t\t<\/h3>\n\t\t\t\t\t\n\t\t\t\t\t\t\t\t\t\t\t<div class=\"elementor-flip-box__layer__description\">\n\t\t\t\t\t\t\tBereich bis zu 30MVA und Isolationsklasse bis zu 52kV, BIL 250kV\t\t\t\t\t\t<\/div>\n\t\t\t\t\t\n\t\t\t\t\t\t\t\t\t\t\t<a class=\"elementor-flip-box__button elementor-button elementor-size-sm\" href=\"https:\/\/trafoelettro.com\/de\/giessharz-transformatoren\/\">\n\t\t\t\t\t\t\tSeite besuchen\t\t\t\t\t\t<\/a>\n\t\t\t\t\t\t\t\t<\/div>\n\t\t<\/div>\n\t\t<\/div>\n\t\t<\/div>\n\t\t\t\t\t\t<\/div>\n\t\t\t\t<\/div>\n\t\t\t\t<div class=\"elementor-element elementor-element-047ba52 elementor-widget-mobile__width-initial ssflip elementor-flip-box--effect-flip elementor-flip-box--direction-up elementor-widget elementor-widget-flip-box\" data-id=\"047ba52\" data-element_type=\"widget\" data-e-type=\"widget\" data-widget_type=\"flip-box.default\">\n\t\t\t\t<div class=\"elementor-widget-container\">\n\t\t\t\t\t\t\t<div class=\"elementor-flip-box\" tabindex=\"0\">\n\t\t\t<div class=\"elementor-flip-box__layer elementor-flip-box__front\">\n\t\t\t\t<div class=\"elementor-flip-box__layer__overlay\">\n\t\t\t\t\t<div class=\"elementor-flip-box__layer__inner\">\n\t\t\t\t\t\t\t\t\t\t\t\t\t<div class=\"elementor-icon-wrapper elementor-view-default\">\n\t\t\t\t\t\t\t\t<div class=\"elementor-icon\">\n\t\t\t\t\t\t\t\t\t\t\t\t\t\t\t\t\t<\/div>\n\t\t\t\t\t\t\t<\/div>\n\t\t\t\t\t\t\n\t\t\t\t\t\t\t\t\t\t\t\t\t<h3 class=\"elementor-flip-box__layer__title\">\n\t\t\t\t\t\t\t\tIN \u00d6L GETAUCHTE TRANSFORMATOREN\t\t\t\t\t\t\t<\/h3>\n\t\t\t\t\t\t\n\t\t\t\t\t\t\t\t\t\t\t<\/div>\n\t\t\t\t<\/div>\n\t\t\t<\/div>\n\t\t\t<div class=\"elementor-flip-box__layer elementor-flip-box__back\">\n\t\t\t<div class=\"elementor-flip-box__layer__overlay\">\n\t\t\t\t<div class=\"elementor-flip-box__layer__inner\">\n\t\t\t\t\t\t\t\t\t\t\t<h3 class=\"elementor-flip-box__layer__title\">\n\t\t\t\t\t\t\t\u00d6lgef\u00fcllte Transformatoren  \t\t\t\t\t\t<\/h3>\n\t\t\t\t\t\n\t\t\t\t\t\t\t\t\t\t\t<div class=\"elementor-flip-box__layer__description\">\n\t\t\t\t\t\t\tBereich bis zu 50MVA und Isolationsklasse bis zu 145kV, BIL 650kV\t\t\t\t\t\t<\/div>\n\t\t\t\t\t\n\t\t\t\t\t\t\t\t\t\t\t<a class=\"elementor-flip-box__button elementor-button elementor-size-sm\" href=\"https:\/\/trafoelettro.com\/de\/oelgefuellte-transformatoren\/\">\n\t\t\t\t\t\t\tSeite besuchen\t\t\t\t\t\t<\/a>\n\t\t\t\t\t\t\t\t<\/div>\n\t\t<\/div>\n\t\t<\/div>\n\t\t<\/div>\n\t\t\t\t\t\t<\/div>\n\t\t\t\t<\/div>\n\t\t\t\t<div class=\"elementor-element elementor-element-8f0927e elementor-widget-mobile__width-initial ssflip elementor-flip-box--effect-flip elementor-flip-box--direction-up elementor-widget elementor-widget-flip-box\" data-id=\"8f0927e\" data-element_type=\"widget\" data-e-type=\"widget\" data-widget_type=\"flip-box.default\">\n\t\t\t\t<div class=\"elementor-widget-container\">\n\t\t\t\t\t\t\t<div class=\"elementor-flip-box\" tabindex=\"0\">\n\t\t\t<div class=\"elementor-flip-box__layer elementor-flip-box__front\">\n\t\t\t\t<div class=\"elementor-flip-box__layer__overlay\">\n\t\t\t\t\t<div class=\"elementor-flip-box__layer__inner\">\n\t\t\t\t\t\t\t\t\t\t\t\t\t<div class=\"elementor-icon-wrapper elementor-view-default\">\n\t\t\t\t\t\t\t\t<div class=\"elementor-icon\">\n\t\t\t\t\t\t\t\t\t\t\t\t\t\t\t\t\t<\/div>\n\t\t\t\t\t\t\t<\/div>\n\t\t\t\t\t\t\n\t\t\t\t\t\t\t\t\t\t\t\t\t<h3 class=\"elementor-flip-box__layer__title\">\n\t\t\t\t\t\t\t\tAMORPHE TRANSFORMATOREN\t\t\t\t\t\t\t<\/h3>\n\t\t\t\t\t\t\n\t\t\t\t\t\t\t\t\t\t\t<\/div>\n\t\t\t\t<\/div>\n\t\t\t<\/div>\n\t\t\t<div class=\"elementor-flip-box__layer elementor-flip-box__back\">\n\t\t\t<div class=\"elementor-flip-box__layer__overlay\">\n\t\t\t\t<div class=\"elementor-flip-box__layer__inner\">\n\t\t\t\t\t\t\t\t\t\t\t<h3 class=\"elementor-flip-box__layer__title\">\n\t\t\t\t\t\t\tAmorphe Transformatoren\t\t\t\t\t\t<\/h3>\n\t\t\t\t\t\n\t\t\t\t\t\t\t\t\t\t\t<div class=\"elementor-flip-box__layer__description\">\n\t\t\t\t\t\t\tBereich bis zu 5MVA und Isolationsklasse bis zu 52kV, BIL 250kV\t\t\t\t\t\t<\/div>\n\t\t\t\t\t\n\t\t\t\t\t\t\t\t\t\t\t<a class=\"elementor-flip-box__button elementor-button elementor-size-sm\" href=\"https:\/\/trafoelettro.com\/de\/amorphe-transformatoren\/\">\n\t\t\t\t\t\t\tSeite besuchen\t\t\t\t\t\t<\/a>\n\t\t\t\t\t\t\t\t<\/div>\n\t\t<\/div>\n\t\t<\/div>\n\t\t<\/div>\n\t\t\t\t\t\t<\/div>\n\t\t\t\t<\/div>\n\t\t\t\t<div class=\"elementor-element elementor-element-a6cada5 elementor-widget-mobile__width-initial ssflip elementor-flip-box--effect-flip elementor-flip-box--direction-up elementor-widget elementor-widget-flip-box\" data-id=\"a6cada5\" data-element_type=\"widget\" data-e-type=\"widget\" data-widget_type=\"flip-box.default\">\n\t\t\t\t<div class=\"elementor-widget-container\">\n\t\t\t\t\t\t\t<div class=\"elementor-flip-box\" tabindex=\"0\">\n\t\t\t<div class=\"elementor-flip-box__layer elementor-flip-box__front\">\n\t\t\t\t<div class=\"elementor-flip-box__layer__overlay\">\n\t\t\t\t\t<div class=\"elementor-flip-box__layer__inner\">\n\t\t\t\t\t\t\t\t\t\t\t\t\t<div class=\"elementor-icon-wrapper elementor-view-default\">\n\t\t\t\t\t\t\t\t<div class=\"elementor-icon\">\n\t\t\t\t\t\t\t\t\t\t\t\t\t\t\t\t\t<\/div>\n\t\t\t\t\t\t\t<\/div>\n\t\t\t\t\t\t\n\t\t\t\t\t\t\t\t\t\t\t\t\t<h3 class=\"elementor-flip-box__layer__title\">\n\t\t\t\t\t\t\t\tBESONDERE EINHEITEN\t\t\t\t\t\t\t<\/h3>\n\t\t\t\t\t\t\n\t\t\t\t\t\t\t\t\t\t\t<\/div>\n\t\t\t\t<\/div>\n\t\t\t<\/div>\n\t\t\t<div class=\"elementor-flip-box__layer elementor-flip-box__back\">\n\t\t\t<div class=\"elementor-flip-box__layer__overlay\">\n\t\t\t\t<div class=\"elementor-flip-box__layer__inner\">\n\t\t\t\t\t\t\t\t\t\t\t<h3 class=\"elementor-flip-box__layer__title\">\n\t\t\t\t\t\t\tSpezialeinheiten\t\t\t\t\t\t<\/h3>\n\t\t\t\t\t\n\t\t\t\t\t\t\t\t\t\t\t<div class=\"elementor-flip-box__layer__description\">\n\t\t\t\t\t\t\tTrockentransformatoren\nDrosseln\nAutotransformatoren\nErdungstransformatoren\nOfentransformatoren\nStromrichtertransformatoren (6-12-18-24 Impulse)\nErregertransformatoren\nGleichrichtertransformatoren\t\t\t\t\t\t<\/div>\n\t\t\t\t\t\n\t\t\t\t\t\t\t\t\t\t\t<a class=\"elementor-flip-box__button elementor-button elementor-size-sm\" href=\"https:\/\/trafoelettro.com\/de\/besondere-einheiten\/\">\n\t\t\t\t\t\t\tSeite besuchen\t\t\t\t\t\t<\/a>\n\t\t\t\t\t\t\t\t<\/div>\n\t\t<\/div>\n\t\t<\/div>\n\t\t<\/div>\n\t\t\t\t\t\t<\/div>\n\t\t\t\t<\/div>\n\t\t\t\t<\/div>\n\t\t\t\t<\/div>\n\t\t\t\t<\/div>\n\t\t","protected":false},"excerpt":{"rendered":"<p>PRODUKTE GIESSHARZ-TRANSFORMATOREN Gie\u00dfharz-Transformatoren Bereich bis zu 30MVA und Isolationsklasse bis zu 52kV, BIL 250kV Seite besuchen IN \u00d6L GETAUCHTE TRANSFORMATOREN \u00d6lgef\u00fcllte Transformatoren Bereich bis zu 50MVA und Isolationsklasse bis zu 145kV, BIL 650kV Seite besuchen AMORPHE TRANSFORMATOREN Amorphe Transformatoren Bereich bis zu 5MVA und Isolationsklasse bis zu 52kV, BIL 250kV Seite besuchen BESONDERE EINHEITEN Spezialeinheiten Trockentransformatoren Drosseln Autotransformatoren Erdungstransformatoren Ofentransformatoren Stromrichtertransformatoren (6-12-18-24 Impulse) Erregertransformatoren Gleichrichtertransformatoren Seite besuchen<\/p>\n","protected":false},"author":2,"featured_media":0,"parent":0,"menu_order":0,"comment_status":"closed","ping_status":"closed","template":"","meta":{"_acf_changed":false,"footnotes":""},"class_list":["post-27340","page","type-page","status-publish","hentry"],"acf":[],"yoast_head":"<!-- This site is optimized with the Yoast SEO plugin v27.2 - https:\/\/yoast.com\/product\/yoast-seo-wordpress\/ -->\n<title>Produkte - Trafo Elettro<\/title>\n<meta name=\"robots\" content=\"index, follow, max-snippet:-1, max-image-preview:large, max-video-preview:-1\" \/>\n<link rel=\"canonical\" href=\"https:\/\/trafoelettro.com\/de\/produkte\/\" \/>\n<meta property=\"og:locale\" content=\"de_DE\" \/>\n<meta property=\"og:type\" content=\"article\" \/>\n<meta property=\"og:title\" content=\"Produkte - Trafo Elettro\" \/>\n<meta property=\"og:description\" content=\"PRODUKTE GIESSHARZ-TRANSFORMATOREN Gie\u00dfharz-Transformatoren Bereich bis zu 30MVA und Isolationsklasse bis zu 52kV, BIL 250kV Seite besuchen IN \u00d6L GETAUCHTE TRANSFORMATOREN \u00d6lgef\u00fcllte Transformatoren Bereich bis zu 50MVA und Isolationsklasse bis zu 145kV, BIL 650kV Seite besuchen AMORPHE TRANSFORMATOREN Amorphe Transformatoren Bereich bis zu 5MVA und Isolationsklasse bis zu 52kV, BIL 250kV Seite besuchen BESONDERE EINHEITEN Spezialeinheiten Trockentransformatoren Drosseln Autotransformatoren Erdungstransformatoren Ofentransformatoren Stromrichtertransformatoren (6-12-18-24 Impulse) Erregertransformatoren Gleichrichtertransformatoren Seite besuchen\" \/>\n<meta property=\"og:url\" content=\"https:\/\/trafoelettro.com\/de\/produkte\/\" \/>\n<meta property=\"og:site_name\" content=\"Trafo Elettro\" \/>\n<meta property=\"article:modified_time\" content=\"2026-03-13T12:25:48+00:00\" \/>\n<meta name=\"twitter:card\" content=\"summary_large_image\" \/>\n<script type=\"application\/ld+json\" class=\"yoast-schema-graph\">{\"@context\":\"https:\/\/schema.org\",\"@graph\":[{\"@type\":\"WebPage\",\"@id\":\"https:\/\/trafoelettro.com\/de\/produkte\/\",\"url\":\"https:\/\/trafoelettro.com\/de\/produkte\/\",\"name\":\"Produkte - Trafo Elettro\",\"isPartOf\":{\"@id\":\"https:\/\/chocolate-mule-156424.hostingersite.com\/#website\"},\"datePublished\":\"2026-03-13T12:22:02+00:00\",\"dateModified\":\"2026-03-13T12:25:48+00:00\",\"breadcrumb\":{\"@id\":\"https:\/\/trafoelettro.com\/de\/produkte\/#breadcrumb\"},\"inLanguage\":\"de\",\"potentialAction\":[{\"@type\":\"ReadAction\",\"target\":[\"https:\/\/trafoelettro.com\/de\/produkte\/\"]}]},{\"@type\":\"BreadcrumbList\",\"@id\":\"https:\/\/trafoelettro.com\/de\/produkte\/#breadcrumb\",\"itemListElement\":[{\"@type\":\"ListItem\",\"position\":1,\"name\":\"Home\",\"item\":\"https:\/\/trafoelettro.com\/de\/startseite\/\"},{\"@type\":\"ListItem\",\"position\":2,\"name\":\"Produkte\"}]},{\"@type\":\"WebSite\",\"@id\":\"https:\/\/chocolate-mule-156424.hostingersite.com\/#website\",\"url\":\"https:\/\/chocolate-mule-156424.hostingersite.com\/\",\"name\":\"Trafo Elettro\",\"description\":\"Endless Transformation\",\"publisher\":{\"@id\":\"https:\/\/chocolate-mule-156424.hostingersite.com\/#organization\"},\"potentialAction\":[{\"@type\":\"SearchAction\",\"target\":{\"@type\":\"EntryPoint\",\"urlTemplate\":\"https:\/\/chocolate-mule-156424.hostingersite.com\/?s={search_term_string}\"},\"query-input\":{\"@type\":\"PropertyValueSpecification\",\"valueRequired\":true,\"valueName\":\"search_term_string\"}}],\"inLanguage\":\"de\"},{\"@type\":\"Organization\",\"@id\":\"https:\/\/chocolate-mule-156424.hostingersite.com\/#organization\",\"name\":\"Trafo Elettro\",\"url\":\"https:\/\/chocolate-mule-156424.hostingersite.com\/\",\"logo\":{\"@type\":\"ImageObject\",\"inLanguage\":\"de\",\"@id\":\"https:\/\/chocolate-mule-156424.hostingersite.com\/#\/schema\/logo\/image\/\",\"url\":\"https:\/\/trafoelettro.com\/wp-content\/uploads\/2025\/02\/trafoelettro_logo-1-copia.png\",\"contentUrl\":\"https:\/\/trafoelettro.com\/wp-content\/uploads\/2025\/02\/trafoelettro_logo-1-copia.png\",\"width\":374,\"height\":179,\"caption\":\"Trafo Elettro\"},\"image\":{\"@id\":\"https:\/\/chocolate-mule-156424.hostingersite.com\/#\/schema\/logo\/image\/\"}}]}<\/script>\n<!-- \/ Yoast SEO plugin. -->","yoast_head_json":{"title":"Produkte - Trafo Elettro","robots":{"index":"index","follow":"follow","max-snippet":"max-snippet:-1","max-image-preview":"max-image-preview:large","max-video-preview":"max-video-preview:-1"},"canonical":"https:\/\/trafoelettro.com\/de\/produkte\/","og_locale":"de_DE","og_type":"article","og_title":"Produkte - Trafo Elettro","og_description":"PRODUKTE GIESSHARZ-TRANSFORMATOREN Gie\u00dfharz-Transformatoren Bereich bis zu 30MVA und Isolationsklasse bis zu 52kV, BIL 250kV Seite besuchen IN \u00d6L GETAUCHTE TRANSFORMATOREN \u00d6lgef\u00fcllte Transformatoren Bereich bis zu 50MVA und Isolationsklasse bis zu 145kV, BIL 650kV Seite besuchen AMORPHE TRANSFORMATOREN Amorphe Transformatoren Bereich bis zu 5MVA und Isolationsklasse bis zu 52kV, BIL 250kV Seite besuchen BESONDERE EINHEITEN Spezialeinheiten Trockentransformatoren Drosseln Autotransformatoren Erdungstransformatoren Ofentransformatoren Stromrichtertransformatoren (6-12-18-24 Impulse) Erregertransformatoren Gleichrichtertransformatoren Seite besuchen","og_url":"https:\/\/trafoelettro.com\/de\/produkte\/","og_site_name":"Trafo Elettro","article_modified_time":"2026-03-13T12:25:48+00:00","twitter_card":"summary_large_image","schema":{"@context":"https:\/\/schema.org","@graph":[{"@type":"WebPage","@id":"https:\/\/trafoelettro.com\/de\/produkte\/","url":"https:\/\/trafoelettro.com\/de\/produkte\/","name":"Produkte - Trafo Elettro","isPartOf":{"@id":"https:\/\/chocolate-mule-156424.hostingersite.com\/#website"},"datePublished":"2026-03-13T12:22:02+00:00","dateModified":"2026-03-13T12:25:48+00:00","breadcrumb":{"@id":"https:\/\/trafoelettro.com\/de\/produkte\/#breadcrumb"},"inLanguage":"de","potentialAction":[{"@type":"ReadAction","target":["https:\/\/trafoelettro.com\/de\/produkte\/"]}]},{"@type":"BreadcrumbList","@id":"https:\/\/trafoelettro.com\/de\/produkte\/#breadcrumb","itemListElement":[{"@type":"ListItem","position":1,"name":"Home","item":"https:\/\/trafoelettro.com\/de\/startseite\/"},{"@type":"ListItem","position":2,"name":"Produkte"}]},{"@type":"WebSite","@id":"https:\/\/chocolate-mule-156424.hostingersite.com\/#website","url":"https:\/\/chocolate-mule-156424.hostingersite.com\/","name":"Trafo Elettro","description":"Endless Transformation","publisher":{"@id":"https:\/\/chocolate-mule-156424.hostingersite.com\/#organization"},"potentialAction":[{"@type":"SearchAction","target":{"@type":"EntryPoint","urlTemplate":"https:\/\/chocolate-mule-156424.hostingersite.com\/?s={search_term_string}"},"query-input":{"@type":"PropertyValueSpecification","valueRequired":true,"valueName":"search_term_string"}}],"inLanguage":"de"},{"@type":"Organization","@id":"https:\/\/chocolate-mule-156424.hostingersite.com\/#organization","name":"Trafo Elettro","url":"https:\/\/chocolate-mule-156424.hostingersite.com\/","logo":{"@type":"ImageObject","inLanguage":"de","@id":"https:\/\/chocolate-mule-156424.hostingersite.com\/#\/schema\/logo\/image\/","url":"https:\/\/trafoelettro.com\/wp-content\/uploads\/2025\/02\/trafoelettro_logo-1-copia.png","contentUrl":"https:\/\/trafoelettro.com\/wp-content\/uploads\/2025\/02\/trafoelettro_logo-1-copia.png","width":374,"height":179,"caption":"Trafo Elettro"},"image":{"@id":"https:\/\/chocolate-mule-156424.hostingersite.com\/#\/schema\/logo\/image\/"}}]}},"_links":{"self":[{"href":"https:\/\/trafoelettro.com\/de\/wp-json\/wp\/v2\/pages\/27340","targetHints":{"allow":["GET"]}}],"collection":[{"href":"https:\/\/trafoelettro.com\/de\/wp-json\/wp\/v2\/pages"}],"about":[{"href":"https:\/\/trafoelettro.com\/de\/wp-json\/wp\/v2\/types\/page"}],"author":[{"embeddable":true,"href":"https:\/\/trafoelettro.com\/de\/wp-json\/wp\/v2\/users\/2"}],"replies":[{"embeddable":true,"href":"https:\/\/trafoelettro.com\/de\/wp-json\/wp\/v2\/comments?post=27340"}],"version-history":[{"count":4,"href":"https:\/\/trafoelettro.com\/de\/wp-json\/wp\/v2\/pages\/27340\/revisions"}],"predecessor-version":[{"id":27612,"href":"https:\/\/trafoelettro.com\/de\/wp-json\/wp\/v2\/pages\/27340\/revisions\/27612"}],"wp:attachment":[{"href":"https:\/\/trafoelettro.com\/de\/wp-json\/wp\/v2\/media?parent=27340"}],"curies":[{"name":"wp","href":"https:\/\/api.w.org\/{rel}","templated":true}]}}