{"id":27413,"date":"2026-03-13T12:22:07","date_gmt":"2026-03-13T12:22:07","guid":{"rendered":"https:\/\/trafoelettro.com\/dienstleistungen\/"},"modified":"2026-03-13T12:22:10","modified_gmt":"2026-03-13T12:22:10","slug":"dienstleistungen","status":"publish","type":"page","link":"https:\/\/trafoelettro.com\/de\/dienstleistungen\/","title":{"rendered":"Dienstleistungen"},"content":{"rendered":"\t\t<div data-elementor-type=\"wp-page\" data-elementor-id=\"27413\" class=\"elementor elementor-27413 elementor-22\" data-elementor-post-type=\"page\">\n\t\t\t\t<div class=\"elementor-element elementor-element-8fbfe9b e-con-full e-flex wpr-particle-no wpr-jarallax-no wpr-parallax-no wpr-sticky-section-no wpr-equal-height-no e-con e-parent\" data-id=\"8fbfe9b\" data-element_type=\"container\" data-e-type=\"container\" data-settings=\"{&quot;background_background&quot;:&quot;classic&quot;}\">\n\t\t\t\t<\/div>\n\t\t<div class=\"elementor-element elementor-element-a0f0303 e-con-full e-flex wpr-particle-no wpr-jarallax-no wpr-parallax-no wpr-sticky-section-no wpr-equal-height-no e-con e-parent\" data-id=\"a0f0303\" data-element_type=\"container\" data-e-type=\"container\" data-settings=\"{&quot;background_background&quot;:&quot;classic&quot;}\">\n\t\t\t\t<div class=\"elementor-element elementor-element-52308d8 elementor-widget elementor-widget-heading\" data-id=\"52308d8\" data-element_type=\"widget\" data-e-type=\"widget\" data-widget_type=\"heading.default\">\n\t\t\t\t<div class=\"elementor-widget-container\">\n\t\t\t\t\t<h2 class=\"elementor-heading-title elementor-size-default\">DIENSTLEISTUNGEN<\/h2>\t\t\t\t<\/div>\n\t\t\t\t<\/div>\n\t\t\t\t<\/div>\n\t\t<div class=\"elementor-element elementor-element-6b1b153 e-con-full e-flex wpr-particle-no wpr-jarallax-no wpr-parallax-no wpr-sticky-section-no wpr-equal-height-no e-con e-parent\" data-id=\"6b1b153\" data-element_type=\"container\" data-e-type=\"container\" data-settings=\"{&quot;background_background&quot;:&quot;classic&quot;}\">\n\t\t<div class=\"elementor-element elementor-element-8a1c143 e-flex e-con-boxed wpr-particle-no wpr-jarallax-no wpr-parallax-no wpr-sticky-section-no wpr-equal-height-no e-con e-child\" data-id=\"8a1c143\" data-element_type=\"container\" data-e-type=\"container\">\n\t\t\t\t\t<div class=\"e-con-inner\">\n\t\t\t\t<div class=\"elementor-element elementor-element-9ab98ab elementor-position-left elementor-widget__width-initial elementor-vertical-align-top elementor-widget elementor-widget-image-box\" data-id=\"9ab98ab\" data-element_type=\"widget\" data-e-type=\"widget\" data-widget_type=\"image-box.default\">\n\t\t\t\t<div class=\"elementor-widget-container\">\n\t\t\t\t\t<div class=\"elementor-image-box-wrapper\"><figure class=\"elementor-image-box-img\"><img decoding=\"async\" width=\"100\" height=\"100\" src=\"https:\/\/trafoelettro.com\/wp-content\/uploads\/2025\/02\/services_001.png\" class=\"attachment-full size-full wp-image-27419\" alt=\"\" \/><\/figure><div class=\"elementor-image-box-content\"><h3 class=\"elementor-image-box-title\">INBETRIEBNAHME UND SCHULUNG VOR ORT<\/h3><p class=\"elementor-image-box-description\">Beaufsichtigung durch qualifizierte Techniker w\u00e4hrend der Inbetriebnahme und Schulungen f\u00fcr das Wartungspersonal.\n\n<\/p><\/div><\/div>\t\t\t\t<\/div>\n\t\t\t\t<\/div>\n\t\t\t\t<div class=\"elementor-element elementor-element-c2ed1ba elementor-position-left elementor-widget__width-initial elementor-vertical-align-top elementor-widget elementor-widget-image-box\" data-id=\"c2ed1ba\" data-element_type=\"widget\" data-e-type=\"widget\" data-widget_type=\"image-box.default\">\n\t\t\t\t<div class=\"elementor-widget-container\">\n\t\t\t\t\t<div class=\"elementor-image-box-wrapper\"><figure class=\"elementor-image-box-img\"><img decoding=\"async\" width=\"100\" height=\"100\" src=\"https:\/\/trafoelettro.com\/wp-content\/uploads\/2025\/02\/services_002.png\" class=\"attachment-full size-full wp-image-27418\" alt=\"\" \/><\/figure><div class=\"elementor-image-box-content\"><h3 class=\"elementor-image-box-title\">VERPACKUNG UND AUFZEICHNUNG DER AUSWIRKUNGEN<\/h3><p class=\"elementor-image-box-description\">Es besteht die M\u00f6glichkeit, Transformatoren mit einer seetauglichen Verpackung und einem Aufprallschreiber zu versenden, um den Zustand der Transformatoren w\u00e4hrend des gesamten Transports zu \u00fcberwachen.\n\n<\/p><\/div><\/div>\t\t\t\t<\/div>\n\t\t\t\t<\/div>\n\t\t\t\t<div class=\"elementor-element elementor-element-3d20b84 elementor-position-left elementor-widget__width-initial elementor-vertical-align-top elementor-widget elementor-widget-image-box\" data-id=\"3d20b84\" data-element_type=\"widget\" data-e-type=\"widget\" data-widget_type=\"image-box.default\">\n\t\t\t\t<div class=\"elementor-widget-container\">\n\t\t\t\t\t<div class=\"elementor-image-box-wrapper\"><figure class=\"elementor-image-box-img\"><img decoding=\"async\" width=\"100\" height=\"100\" src=\"https:\/\/trafoelettro.com\/wp-content\/uploads\/2025\/02\/services_003.png\" class=\"attachment-full size-full wp-image-27417\" alt=\"\" \/><\/figure><div class=\"elementor-image-box-content\"><h3 class=\"elementor-image-box-title\">WARTUNG<\/h3><p class=\"elementor-image-box-description\">Wartung vor Ort durch den lokalen Partner von Trafo Elettro oder spezielle Wartung im Werk von Trafo Elettro.\n\n\n<\/p><\/div><\/div>\t\t\t\t<\/div>\n\t\t\t\t<\/div>\n\t\t\t\t<div class=\"elementor-element elementor-element-db510e8 elementor-position-left elementor-widget__width-initial elementor-vertical-align-top elementor-widget elementor-widget-image-box\" data-id=\"db510e8\" data-element_type=\"widget\" data-e-type=\"widget\" data-widget_type=\"image-box.default\">\n\t\t\t\t<div class=\"elementor-widget-container\">\n\t\t\t\t\t<div class=\"elementor-image-box-wrapper\"><figure class=\"elementor-image-box-img\"><img loading=\"lazy\" decoding=\"async\" width=\"100\" height=\"100\" src=\"https:\/\/trafoelettro.com\/wp-content\/uploads\/2025\/02\/services_004.png\" class=\"attachment-full size-full wp-image-27416\" alt=\"\" \/><\/figure><div class=\"elementor-image-box-content\"><h3 class=\"elementor-image-box-title\">ERSATZTEILE<\/h3><p class=\"elementor-image-box-description\">Verf\u00fcgbarkeit von Ersatzteilen mit schneller Lieferung.<\/p><\/div><\/div>\t\t\t\t<\/div>\n\t\t\t\t<\/div>\n\t\t\t\t<div class=\"elementor-element elementor-element-553349c elementor-position-left elementor-widget__width-initial elementor-vertical-align-top elementor-widget elementor-widget-image-box\" data-id=\"553349c\" data-element_type=\"widget\" data-e-type=\"widget\" data-widget_type=\"image-box.default\">\n\t\t\t\t<div class=\"elementor-widget-container\">\n\t\t\t\t\t<div class=\"elementor-image-box-wrapper\"><figure class=\"elementor-image-box-img\"><img loading=\"lazy\" decoding=\"async\" width=\"100\" height=\"100\" src=\"https:\/\/trafoelettro.com\/wp-content\/uploads\/2025\/02\/services_005.png\" class=\"attachment-full size-full wp-image-27415\" alt=\"\" \/><\/figure><div class=\"elementor-image-box-content\"><h3 class=\"elementor-image-box-title\">TRANSFORMATOREN MIETEN<\/h3><p class=\"elementor-image-box-description\">Transformatoren sind auf Lager, damit das System nicht lange stillsteht.<\/p><\/div><\/div>\t\t\t\t<\/div>\n\t\t\t\t<\/div>\n\t\t\t\t<div class=\"elementor-element elementor-element-b6d3c15 elementor-position-left elementor-widget__width-initial elementor-vertical-align-top elementor-widget elementor-widget-image-box\" data-id=\"b6d3c15\" data-element_type=\"widget\" data-e-type=\"widget\" data-widget_type=\"image-box.default\">\n\t\t\t\t<div class=\"elementor-widget-container\">\n\t\t\t\t\t<div class=\"elementor-image-box-wrapper\"><figure class=\"elementor-image-box-img\"><img loading=\"lazy\" decoding=\"async\" width=\"100\" height=\"100\" src=\"https:\/\/trafoelettro.com\/wp-content\/uploads\/2025\/02\/services_006.png\" class=\"attachment-full size-full wp-image-27414\" alt=\"\" \/><\/figure><div class=\"elementor-image-box-content\"><h3 class=\"elementor-image-box-title\">SPEICHERSERVICE<\/h3><p class=\"elementor-image-box-description\">Verf\u00fcgbarkeit einer gro\u00dfen Fl\u00e4che zur Lagerung der Transformatoren f\u00fcr langfristige Projekte oder bei Verz\u00f6gerungen durch den Kunden.\n\n<\/p><\/div><\/div>\t\t\t\t<\/div>\n\t\t\t\t<\/div>\n\t\t\t\t\t<\/div>\n\t\t\t\t<\/div>\n\t\t\t\t<\/div>\n\t\t<div class=\"elementor-element elementor-element-cf0f7ce e-con-full e-flex wpr-particle-no wpr-jarallax-no wpr-parallax-no wpr-sticky-section-no wpr-equal-height-no e-con e-parent\" data-id=\"cf0f7ce\" data-element_type=\"container\" data-e-type=\"container\" data-settings=\"{&quot;background_background&quot;:&quot;classic&quot;}\">\n\t\t<div class=\"elementor-element elementor-element-505c33a e-con-full e-flex wpr-particle-no wpr-jarallax-no wpr-parallax-no wpr-sticky-section-no wpr-equal-height-no e-con e-child\" data-id=\"505c33a\" data-element_type=\"container\" data-e-type=\"container\">\n\t\t\t\t<div class=\"elementor-element elementor-element-5c028c2 gallery-spacing-custom elementor-widget__width-inherit elementor-widget elementor-widget-image-gallery\" data-id=\"5c028c2\" data-element_type=\"widget\" data-e-type=\"widget\" data-widget_type=\"image-gallery.default\">\n\t\t\t\t<div class=\"elementor-widget-container\">\n\t\t\t\t\t\t\t<div class=\"elementor-image-gallery\">\n\t\t\t<div id='gallery-1' class='gallery galleryid-27413 gallery-columns-4 gallery-size-full'><figure class='gallery-item'>\n\t\t\t<div class='gallery-icon landscape'>\n\t\t\t\t<a data-elementor-open-lightbox=\"yes\" data-elementor-lightbox-slideshow=\"5c028c2\" data-elementor-lightbox-title=\"trafo-elettro-_-13.02.2017-_-azienda-_-studiomama-_-bozze-preview-267\" data-e-action-hash=\"#elementor-action%3Aaction%3Dlightbox%26settings%3DeyJpZCI6Mjc0MjMsInVybCI6Imh0dHBzOlwvXC90cmFmb2VsZXR0cm8uY29tXC93cC1jb250ZW50XC91cGxvYWRzXC8yMDI1XC8wMlwvdHJhZm8tZWxldHRyby1fLTEzLjAyLjIwMTctXy1hemllbmRhLV8tc3R1ZGlvbWFtYS1fLWJvenplLXByZXZpZXctMjY3LmpwZyIsInNsaWRlc2hvdyI6IjVjMDI4YzIifQ%3D%3D\" href='https:\/\/trafoelettro.com\/wp-content\/uploads\/2025\/02\/trafo-elettro-_-13.02.2017-_-azienda-_-studiomama-_-bozze-preview-267.jpg'><img loading=\"lazy\" decoding=\"async\" width=\"480\" height=\"480\" src=\"https:\/\/trafoelettro.com\/wp-content\/uploads\/2025\/02\/trafo-elettro-_-13.02.2017-_-azienda-_-studiomama-_-bozze-preview-267.jpg\" class=\"attachment-full size-full\" alt=\"\" srcset=\"https:\/\/trafoelettro.com\/wp-content\/uploads\/2025\/02\/trafo-elettro-_-13.02.2017-_-azienda-_-studiomama-_-bozze-preview-267.jpg 480w, https:\/\/trafoelettro.com\/wp-content\/uploads\/2025\/02\/trafo-elettro-_-13.02.2017-_-azienda-_-studiomama-_-bozze-preview-267-300x300.jpg 300w, https:\/\/trafoelettro.com\/wp-content\/uploads\/2025\/02\/trafo-elettro-_-13.02.2017-_-azienda-_-studiomama-_-bozze-preview-267-150x150.jpg 150w\" sizes=\"(max-width: 480px) 100vw, 480px\" \/><\/a>\n\t\t\t<\/div><\/figure><figure class='gallery-item'>\n\t\t\t<div class='gallery-icon landscape'>\n\t\t\t\t<a data-elementor-open-lightbox=\"yes\" data-elementor-lightbox-slideshow=\"5c028c2\" data-elementor-lightbox-title=\"servizi_03\" data-e-action-hash=\"#elementor-action%3Aaction%3Dlightbox%26settings%3DeyJpZCI6Mjc0MjIsInVybCI6Imh0dHBzOlwvXC90cmFmb2VsZXR0cm8uY29tXC93cC1jb250ZW50XC91cGxvYWRzXC8yMDI1XC8wMlwvc2Vydml6aV8wMy5qcGciLCJzbGlkZXNob3ciOiI1YzAyOGMyIn0%3D\" href='https:\/\/trafoelettro.com\/wp-content\/uploads\/2025\/02\/servizi_03.jpg'><img loading=\"lazy\" decoding=\"async\" width=\"480\" height=\"480\" src=\"https:\/\/trafoelettro.com\/wp-content\/uploads\/2025\/02\/servizi_03.jpg\" class=\"attachment-full size-full\" alt=\"\" srcset=\"https:\/\/trafoelettro.com\/wp-content\/uploads\/2025\/02\/servizi_03.jpg 480w, https:\/\/trafoelettro.com\/wp-content\/uploads\/2025\/02\/servizi_03-300x300.jpg 300w, https:\/\/trafoelettro.com\/wp-content\/uploads\/2025\/02\/servizi_03-150x150.jpg 150w\" sizes=\"(max-width: 480px) 100vw, 480px\" \/><\/a>\n\t\t\t<\/div><\/figure><figure class='gallery-item'>\n\t\t\t<div class='gallery-icon landscape'>\n\t\t\t\t<a data-elementor-open-lightbox=\"yes\" data-elementor-lightbox-slideshow=\"5c028c2\" data-elementor-lightbox-title=\"servizi_02\" data-e-action-hash=\"#elementor-action%3Aaction%3Dlightbox%26settings%3DeyJpZCI6Mjc0MjEsInVybCI6Imh0dHBzOlwvXC90cmFmb2VsZXR0cm8uY29tXC93cC1jb250ZW50XC91cGxvYWRzXC8yMDI1XC8wMlwvc2Vydml6aV8wMi5qcGciLCJzbGlkZXNob3ciOiI1YzAyOGMyIn0%3D\" href='https:\/\/trafoelettro.com\/wp-content\/uploads\/2025\/02\/servizi_02.jpg'><img loading=\"lazy\" decoding=\"async\" width=\"480\" height=\"480\" src=\"https:\/\/trafoelettro.com\/wp-content\/uploads\/2025\/02\/servizi_02.jpg\" class=\"attachment-full size-full\" alt=\"\" srcset=\"https:\/\/trafoelettro.com\/wp-content\/uploads\/2025\/02\/servizi_02.jpg 480w, https:\/\/trafoelettro.com\/wp-content\/uploads\/2025\/02\/servizi_02-300x300.jpg 300w, https:\/\/trafoelettro.com\/wp-content\/uploads\/2025\/02\/servizi_02-150x150.jpg 150w\" sizes=\"(max-width: 480px) 100vw, 480px\" \/><\/a>\n\t\t\t<\/div><\/figure><figure class='gallery-item'>\n\t\t\t<div class='gallery-icon landscape'>\n\t\t\t\t<a data-elementor-open-lightbox=\"yes\" data-elementor-lightbox-slideshow=\"5c028c2\" data-elementor-lightbox-title=\"servizi_01\" data-e-action-hash=\"#elementor-action%3Aaction%3Dlightbox%26settings%3DeyJpZCI6Mjc0MjAsInVybCI6Imh0dHBzOlwvXC90cmFmb2VsZXR0cm8uY29tXC93cC1jb250ZW50XC91cGxvYWRzXC8yMDI1XC8wMlwvc2Vydml6aV8wMS5qcGciLCJzbGlkZXNob3ciOiI1YzAyOGMyIn0%3D\" href='https:\/\/trafoelettro.com\/wp-content\/uploads\/2025\/02\/servizi_01.jpg'><img loading=\"lazy\" decoding=\"async\" width=\"480\" height=\"480\" src=\"https:\/\/trafoelettro.com\/wp-content\/uploads\/2025\/02\/servizi_01.jpg\" class=\"attachment-full size-full\" alt=\"\" srcset=\"https:\/\/trafoelettro.com\/wp-content\/uploads\/2025\/02\/servizi_01.jpg 480w, https:\/\/trafoelettro.com\/wp-content\/uploads\/2025\/02\/servizi_01-300x300.jpg 300w, https:\/\/trafoelettro.com\/wp-content\/uploads\/2025\/02\/servizi_01-150x150.jpg 150w\" sizes=\"(max-width: 480px) 100vw, 480px\" \/><\/a>\n\t\t\t<\/div><\/figure>\n\t\t<\/div>\n\t\t<\/div>\n\t\t\t\t\t\t<\/div>\n\t\t\t\t<\/div>\n\t\t\t\t<\/div>\n\t\t\t\t<\/div>\n\t\t<div class=\"elementor-element elementor-element-0c12a07 e-con-full e-flex wpr-particle-no wpr-jarallax-no wpr-parallax-no wpr-sticky-section-no wpr-equal-height-no e-con e-parent\" data-id=\"0c12a07\" data-element_type=\"container\" data-e-type=\"container\" data-settings=\"{&quot;background_background&quot;:&quot;classic&quot;}\">\n\t\t\t\t<div class=\"elementor-element elementor-element-c287c9b elementor-widget elementor-widget-button\" data-id=\"c287c9b\" data-element_type=\"widget\" data-e-type=\"widget\" data-widget_type=\"button.default\">\n\t\t\t\t<div class=\"elementor-widget-container\">\n\t\t\t\t\t\t\t\t\t<div class=\"elementor-button-wrapper\">\n\t\t\t\t\t<a class=\"elementor-button elementor-button-link elementor-size-sm\" href=\"https:\/\/trafoelettro.com\/contact-us\/\">\n\t\t\t\t\t\t<span class=\"elementor-button-content-wrapper\">\n\t\t\t\t\t\t\t\t\t<span class=\"elementor-button-text\">KUNDENPFLEGE<\/span>\n\t\t\t\t\t<\/span>\n\t\t\t\t\t<\/a>\n\t\t\t\t<\/div>\n\t\t\t\t\t\t\t\t<\/div>\n\t\t\t\t<\/div>\n\t\t\t\t<\/div>\n\t\t\t\t<\/div>\n\t\t","protected":false},"excerpt":{"rendered":"<p>DIENSTLEISTUNGEN INBETRIEBNAHME UND SCHULUNG VOR ORT Beaufsichtigung durch qualifizierte Techniker w\u00e4hrend der Inbetriebnahme und Schulungen f\u00fcr das Wartungspersonal. VERPACKUNG UND AUFZEICHNUNG DER AUSWIRKUNGEN Es besteht die M\u00f6glichkeit, Transformatoren mit einer seetauglichen Verpackung und einem Aufprallschreiber zu versenden, um den Zustand der Transformatoren w\u00e4hrend des gesamten Transports zu \u00fcberwachen. WARTUNG Wartung vor Ort durch den lokalen Partner von Trafo Elettro oder spezielle Wartung im Werk von Trafo Elettro. ERSATZTEILE Verf\u00fcgbarkeit von Ersatzteilen mit schneller Lieferung. TRANSFORMATOREN MIETEN Transformatoren sind auf Lager, damit das System nicht lange stillsteht. SPEICHERSERVICE Verf\u00fcgbarkeit einer gro\u00dfen Fl\u00e4che zur Lagerung der Transformatoren f\u00fcr langfristige Projekte oder bei Verz\u00f6gerungen durch den Kunden. KUNDENPFLEGE<\/p>\n","protected":false},"author":2,"featured_media":0,"parent":0,"menu_order":0,"comment_status":"closed","ping_status":"closed","template":"","meta":{"_acf_changed":false,"footnotes":""},"class_list":["post-27413","page","type-page","status-publish","hentry"],"acf":[],"yoast_head":"<!-- This site is optimized with the Yoast SEO plugin v27.2 - https:\/\/yoast.com\/product\/yoast-seo-wordpress\/ -->\n<title>Dienstleistungen - Trafo Elettro<\/title>\n<meta name=\"robots\" content=\"index, follow, max-snippet:-1, max-image-preview:large, max-video-preview:-1\" \/>\n<link rel=\"canonical\" href=\"https:\/\/trafoelettro.com\/de\/dienstleistungen\/\" \/>\n<meta property=\"og:locale\" content=\"de_DE\" \/>\n<meta property=\"og:type\" content=\"article\" \/>\n<meta property=\"og:title\" content=\"Dienstleistungen - Trafo Elettro\" \/>\n<meta property=\"og:description\" content=\"DIENSTLEISTUNGEN INBETRIEBNAHME UND SCHULUNG VOR ORT Beaufsichtigung durch qualifizierte Techniker w\u00e4hrend der Inbetriebnahme und Schulungen f\u00fcr das Wartungspersonal. VERPACKUNG UND AUFZEICHNUNG DER AUSWIRKUNGEN Es besteht die M\u00f6glichkeit, Transformatoren mit einer seetauglichen Verpackung und einem Aufprallschreiber zu versenden, um den Zustand der Transformatoren w\u00e4hrend des gesamten Transports zu \u00fcberwachen. WARTUNG Wartung vor Ort durch den lokalen Partner von Trafo Elettro oder spezielle Wartung im Werk von Trafo Elettro. ERSATZTEILE Verf\u00fcgbarkeit von Ersatzteilen mit schneller Lieferung. TRANSFORMATOREN MIETEN Transformatoren sind auf Lager, damit das System nicht lange stillsteht. SPEICHERSERVICE Verf\u00fcgbarkeit einer gro\u00dfen Fl\u00e4che zur Lagerung der Transformatoren f\u00fcr langfristige Projekte oder bei Verz\u00f6gerungen durch den Kunden. KUNDENPFLEGE\" \/>\n<meta property=\"og:url\" content=\"https:\/\/trafoelettro.com\/de\/dienstleistungen\/\" \/>\n<meta property=\"og:site_name\" content=\"Trafo Elettro\" \/>\n<meta property=\"article:modified_time\" content=\"2026-03-13T12:22:10+00:00\" \/>\n<meta property=\"og:image\" content=\"https:\/\/trafoelettro.com\/wp-content\/uploads\/2025\/02\/services_001.png\" \/>\n\t<meta property=\"og:image:width\" content=\"100\" \/>\n\t<meta property=\"og:image:height\" content=\"100\" \/>\n\t<meta property=\"og:image:type\" content=\"image\/png\" \/>\n<meta name=\"twitter:card\" content=\"summary_large_image\" \/>\n<meta name=\"twitter:label1\" content=\"Gesch\u00e4tzte Lesezeit\" \/>\n\t<meta name=\"twitter:data1\" content=\"1\u00a0Minute\" \/>\n<script type=\"application\/ld+json\" class=\"yoast-schema-graph\">{\"@context\":\"https:\/\/schema.org\",\"@graph\":[{\"@type\":\"WebPage\",\"@id\":\"https:\/\/trafoelettro.com\/de\/dienstleistungen\/\",\"url\":\"https:\/\/trafoelettro.com\/de\/dienstleistungen\/\",\"name\":\"Dienstleistungen - Trafo Elettro\",\"isPartOf\":{\"@id\":\"https:\/\/chocolate-mule-156424.hostingersite.com\/#website\"},\"primaryImageOfPage\":{\"@id\":\"https:\/\/trafoelettro.com\/de\/dienstleistungen\/#primaryimage\"},\"image\":{\"@id\":\"https:\/\/trafoelettro.com\/de\/dienstleistungen\/#primaryimage\"},\"thumbnailUrl\":\"https:\/\/trafoelettro.com\/wp-content\/uploads\/2025\/02\/services_001.png\",\"datePublished\":\"2026-03-13T12:22:07+00:00\",\"dateModified\":\"2026-03-13T12:22:10+00:00\",\"breadcrumb\":{\"@id\":\"https:\/\/trafoelettro.com\/de\/dienstleistungen\/#breadcrumb\"},\"inLanguage\":\"de\",\"potentialAction\":[{\"@type\":\"ReadAction\",\"target\":[\"https:\/\/trafoelettro.com\/de\/dienstleistungen\/\"]}]},{\"@type\":\"ImageObject\",\"inLanguage\":\"de\",\"@id\":\"https:\/\/trafoelettro.com\/de\/dienstleistungen\/#primaryimage\",\"url\":\"https:\/\/trafoelettro.com\/wp-content\/uploads\/2025\/02\/services_001.png\",\"contentUrl\":\"https:\/\/trafoelettro.com\/wp-content\/uploads\/2025\/02\/services_001.png\"},{\"@type\":\"BreadcrumbList\",\"@id\":\"https:\/\/trafoelettro.com\/de\/dienstleistungen\/#breadcrumb\",\"itemListElement\":[{\"@type\":\"ListItem\",\"position\":1,\"name\":\"Home\",\"item\":\"https:\/\/trafoelettro.com\/de\/startseite\/\"},{\"@type\":\"ListItem\",\"position\":2,\"name\":\"Dienstleistungen\"}]},{\"@type\":\"WebSite\",\"@id\":\"https:\/\/chocolate-mule-156424.hostingersite.com\/#website\",\"url\":\"https:\/\/chocolate-mule-156424.hostingersite.com\/\",\"name\":\"Trafo Elettro\",\"description\":\"Endless Transformation\",\"publisher\":{\"@id\":\"https:\/\/chocolate-mule-156424.hostingersite.com\/#organization\"},\"potentialAction\":[{\"@type\":\"SearchAction\",\"target\":{\"@type\":\"EntryPoint\",\"urlTemplate\":\"https:\/\/chocolate-mule-156424.hostingersite.com\/?s={search_term_string}\"},\"query-input\":{\"@type\":\"PropertyValueSpecification\",\"valueRequired\":true,\"valueName\":\"search_term_string\"}}],\"inLanguage\":\"de\"},{\"@type\":\"Organization\",\"@id\":\"https:\/\/chocolate-mule-156424.hostingersite.com\/#organization\",\"name\":\"Trafo Elettro\",\"url\":\"https:\/\/chocolate-mule-156424.hostingersite.com\/\",\"logo\":{\"@type\":\"ImageObject\",\"inLanguage\":\"de\",\"@id\":\"https:\/\/chocolate-mule-156424.hostingersite.com\/#\/schema\/logo\/image\/\",\"url\":\"https:\/\/trafoelettro.com\/wp-content\/uploads\/2025\/02\/trafoelettro_logo-1-copia.png\",\"contentUrl\":\"https:\/\/trafoelettro.com\/wp-content\/uploads\/2025\/02\/trafoelettro_logo-1-copia.png\",\"width\":374,\"height\":179,\"caption\":\"Trafo Elettro\"},\"image\":{\"@id\":\"https:\/\/chocolate-mule-156424.hostingersite.com\/#\/schema\/logo\/image\/\"}}]}<\/script>\n<!-- \/ Yoast SEO plugin. -->","yoast_head_json":{"title":"Dienstleistungen - Trafo Elettro","robots":{"index":"index","follow":"follow","max-snippet":"max-snippet:-1","max-image-preview":"max-image-preview:large","max-video-preview":"max-video-preview:-1"},"canonical":"https:\/\/trafoelettro.com\/de\/dienstleistungen\/","og_locale":"de_DE","og_type":"article","og_title":"Dienstleistungen - Trafo Elettro","og_description":"DIENSTLEISTUNGEN INBETRIEBNAHME UND SCHULUNG VOR ORT Beaufsichtigung durch qualifizierte Techniker w\u00e4hrend der Inbetriebnahme und Schulungen f\u00fcr das Wartungspersonal. VERPACKUNG UND AUFZEICHNUNG DER AUSWIRKUNGEN Es besteht die M\u00f6glichkeit, Transformatoren mit einer seetauglichen Verpackung und einem Aufprallschreiber zu versenden, um den Zustand der Transformatoren w\u00e4hrend des gesamten Transports zu \u00fcberwachen. WARTUNG Wartung vor Ort durch den lokalen Partner von Trafo Elettro oder spezielle Wartung im Werk von Trafo Elettro. ERSATZTEILE Verf\u00fcgbarkeit von Ersatzteilen mit schneller Lieferung. TRANSFORMATOREN MIETEN Transformatoren sind auf Lager, damit das System nicht lange stillsteht. SPEICHERSERVICE Verf\u00fcgbarkeit einer gro\u00dfen Fl\u00e4che zur Lagerung der Transformatoren f\u00fcr langfristige Projekte oder bei Verz\u00f6gerungen durch den Kunden. KUNDENPFLEGE","og_url":"https:\/\/trafoelettro.com\/de\/dienstleistungen\/","og_site_name":"Trafo Elettro","article_modified_time":"2026-03-13T12:22:10+00:00","og_image":[{"width":100,"height":100,"url":"https:\/\/trafoelettro.com\/wp-content\/uploads\/2025\/02\/services_001.png","type":"image\/png"}],"twitter_card":"summary_large_image","twitter_misc":{"Gesch\u00e4tzte Lesezeit":"1\u00a0Minute"},"schema":{"@context":"https:\/\/schema.org","@graph":[{"@type":"WebPage","@id":"https:\/\/trafoelettro.com\/de\/dienstleistungen\/","url":"https:\/\/trafoelettro.com\/de\/dienstleistungen\/","name":"Dienstleistungen - Trafo Elettro","isPartOf":{"@id":"https:\/\/chocolate-mule-156424.hostingersite.com\/#website"},"primaryImageOfPage":{"@id":"https:\/\/trafoelettro.com\/de\/dienstleistungen\/#primaryimage"},"image":{"@id":"https:\/\/trafoelettro.com\/de\/dienstleistungen\/#primaryimage"},"thumbnailUrl":"https:\/\/trafoelettro.com\/wp-content\/uploads\/2025\/02\/services_001.png","datePublished":"2026-03-13T12:22:07+00:00","dateModified":"2026-03-13T12:22:10+00:00","breadcrumb":{"@id":"https:\/\/trafoelettro.com\/de\/dienstleistungen\/#breadcrumb"},"inLanguage":"de","potentialAction":[{"@type":"ReadAction","target":["https:\/\/trafoelettro.com\/de\/dienstleistungen\/"]}]},{"@type":"ImageObject","inLanguage":"de","@id":"https:\/\/trafoelettro.com\/de\/dienstleistungen\/#primaryimage","url":"https:\/\/trafoelettro.com\/wp-content\/uploads\/2025\/02\/services_001.png","contentUrl":"https:\/\/trafoelettro.com\/wp-content\/uploads\/2025\/02\/services_001.png"},{"@type":"BreadcrumbList","@id":"https:\/\/trafoelettro.com\/de\/dienstleistungen\/#breadcrumb","itemListElement":[{"@type":"ListItem","position":1,"name":"Home","item":"https:\/\/trafoelettro.com\/de\/startseite\/"},{"@type":"ListItem","position":2,"name":"Dienstleistungen"}]},{"@type":"WebSite","@id":"https:\/\/chocolate-mule-156424.hostingersite.com\/#website","url":"https:\/\/chocolate-mule-156424.hostingersite.com\/","name":"Trafo Elettro","description":"Endless Transformation","publisher":{"@id":"https:\/\/chocolate-mule-156424.hostingersite.com\/#organization"},"potentialAction":[{"@type":"SearchAction","target":{"@type":"EntryPoint","urlTemplate":"https:\/\/chocolate-mule-156424.hostingersite.com\/?s={search_term_string}"},"query-input":{"@type":"PropertyValueSpecification","valueRequired":true,"valueName":"search_term_string"}}],"inLanguage":"de"},{"@type":"Organization","@id":"https:\/\/chocolate-mule-156424.hostingersite.com\/#organization","name":"Trafo Elettro","url":"https:\/\/chocolate-mule-156424.hostingersite.com\/","logo":{"@type":"ImageObject","inLanguage":"de","@id":"https:\/\/chocolate-mule-156424.hostingersite.com\/#\/schema\/logo\/image\/","url":"https:\/\/trafoelettro.com\/wp-content\/uploads\/2025\/02\/trafoelettro_logo-1-copia.png","contentUrl":"https:\/\/trafoelettro.com\/wp-content\/uploads\/2025\/02\/trafoelettro_logo-1-copia.png","width":374,"height":179,"caption":"Trafo Elettro"},"image":{"@id":"https:\/\/chocolate-mule-156424.hostingersite.com\/#\/schema\/logo\/image\/"}}]}},"_links":{"self":[{"href":"https:\/\/trafoelettro.com\/de\/wp-json\/wp\/v2\/pages\/27413","targetHints":{"allow":["GET"]}}],"collection":[{"href":"https:\/\/trafoelettro.com\/de\/wp-json\/wp\/v2\/pages"}],"about":[{"href":"https:\/\/trafoelettro.com\/de\/wp-json\/wp\/v2\/types\/page"}],"author":[{"embeddable":true,"href":"https:\/\/trafoelettro.com\/de\/wp-json\/wp\/v2\/users\/2"}],"replies":[{"embeddable":true,"href":"https:\/\/trafoelettro.com\/de\/wp-json\/wp\/v2\/comments?post=27413"}],"version-history":[{"count":1,"href":"https:\/\/trafoelettro.com\/de\/wp-json\/wp\/v2\/pages\/27413\/revisions"}],"predecessor-version":[{"id":27426,"href":"https:\/\/trafoelettro.com\/de\/wp-json\/wp\/v2\/pages\/27413\/revisions\/27426"}],"wp:attachment":[{"href":"https:\/\/trafoelettro.com\/de\/wp-json\/wp\/v2\/media?parent=27413"}],"curies":[{"name":"wp","href":"https:\/\/api.w.org\/{rel}","templated":true}]}}