{"id":27445,"date":"2026-03-13T12:22:54","date_gmt":"2026-03-13T12:22:54","guid":{"rendered":"https:\/\/trafoelettro.com\/schwere-bedingungen\/"},"modified":"2026-03-13T12:22:55","modified_gmt":"2026-03-13T12:22:55","slug":"schwere-bedingungen","status":"publish","type":"page","link":"https:\/\/trafoelettro.com\/de\/schwere-bedingungen\/","title":{"rendered":"SCHWERE BEDINGUNGEN"},"content":{"rendered":"\t\t<div data-elementor-type=\"wp-page\" data-elementor-id=\"27445\" class=\"elementor elementor-27445 elementor-886\" data-elementor-post-type=\"page\">\n\t\t\t\t<div class=\"elementor-element elementor-element-3ee4ca6e e-con-full e-flex wpr-particle-no wpr-jarallax-no wpr-parallax-no wpr-sticky-section-no wpr-equal-height-no e-con e-parent\" data-id=\"3ee4ca6e\" data-element_type=\"container\" data-e-type=\"container\">\n\t\t\t\t<div class=\"elementor-element elementor-element-455f986b elementor-widget elementor-widget-image\" data-id=\"455f986b\" data-element_type=\"widget\" data-e-type=\"widget\" data-widget_type=\"image.default\">\n\t\t\t\t<div class=\"elementor-widget-container\">\n\t\t\t\t\t\t\t\t\t\t\t\t\t\t\t<img fetchpriority=\"high\" decoding=\"async\" width=\"1920\" height=\"421\" src=\"https:\/\/trafoelettro.com\/wp-content\/uploads\/2025\/03\/heavy-3.jpg\" class=\"attachment-full size-full wp-image-27446\" alt=\"\" srcset=\"https:\/\/trafoelettro.com\/wp-content\/uploads\/2025\/03\/heavy-3.jpg 1920w, https:\/\/trafoelettro.com\/wp-content\/uploads\/2025\/03\/heavy-3-300x66.jpg 300w, https:\/\/trafoelettro.com\/wp-content\/uploads\/2025\/03\/heavy-3-1024x225.jpg 1024w, https:\/\/trafoelettro.com\/wp-content\/uploads\/2025\/03\/heavy-3-768x168.jpg 768w, https:\/\/trafoelettro.com\/wp-content\/uploads\/2025\/03\/heavy-3-1536x337.jpg 1536w\" sizes=\"(max-width: 1920px) 100vw, 1920px\" \/>\t\t\t\t\t\t\t\t\t\t\t\t\t\t\t<\/div>\n\t\t\t\t<\/div>\n\t\t\t\t<\/div>\n\t\t<div class=\"elementor-element elementor-element-14e138ee e-con-full e-flex wpr-particle-no wpr-jarallax-no wpr-parallax-no wpr-sticky-section-no wpr-equal-height-no e-con e-parent\" data-id=\"14e138ee\" data-element_type=\"container\" data-e-type=\"container\">\n\t\t<div class=\"elementor-element elementor-element-407ed33d e-flex e-con-boxed wpr-particle-no wpr-jarallax-no wpr-parallax-no wpr-sticky-section-no wpr-equal-height-no e-con e-child\" data-id=\"407ed33d\" data-element_type=\"container\" data-e-type=\"container\">\n\t\t\t\t\t<div class=\"e-con-inner\">\n\t\t\t\t<div class=\"elementor-element elementor-element-2dee4112 elementor-widget elementor-widget-heading\" data-id=\"2dee4112\" data-element_type=\"widget\" data-e-type=\"widget\" data-widget_type=\"heading.default\">\n\t\t\t\t<div class=\"elementor-widget-container\">\n\t\t\t\t\t<h2 class=\"elementor-heading-title elementor-size-default\">ENERGIE F\u00dcR SCHWERE BEDINGUNGEN\n<\/h2>\t\t\t\t<\/div>\n\t\t\t\t<\/div>\n\t\t\t\t<div class=\"elementor-element elementor-element-5f37ff2f elementor-widget elementor-widget-text-editor\" data-id=\"5f37ff2f\" data-element_type=\"widget\" data-e-type=\"widget\" data-widget_type=\"text-editor.default\">\n\t\t\t\t<div class=\"elementor-widget-container\">\n\t\t\t\t\t\t\t\t\t<div class=\" vc_custom_1518179823477\"><div id=\"text-block-5\" class=\"mk-text-block \"><p>Entwickelt, um in den kritischsten Anwendungen installiert zu werden. Viele Unternehmen haben sich f\u00fcr Trafo Elettro als sicheren und zuverl\u00e4ssigen Partner entschieden, z.B. Minen in Chile, Papierfabriken in Italien, \u00d6lplattformen in der Nordsee, \u00d6laufbereitungsanlagen in Russland, verschiedene Versalzungsanlagen in Katar, die Davis Station &#8211; eine st\u00e4ndige Basis in der Antarktis, Zementfabriken in Sri Lanka und in der Elfenbeink\u00fcste. <\/p><\/div><\/div>\t\t\t\t\t\t\t\t<\/div>\n\t\t\t\t<\/div>\n\t\t\t\t\t<\/div>\n\t\t\t\t<\/div>\n\t\t\t\t<\/div>\n\t\t<div class=\"elementor-element elementor-element-68003afd e-con-full e-flex wpr-particle-no wpr-jarallax-no wpr-parallax-no wpr-sticky-section-no wpr-equal-height-no e-con e-parent\" data-id=\"68003afd\" data-element_type=\"container\" data-e-type=\"container\">\n\t\t\t\t<div class=\"elementor-element elementor-element-35d60d38 elementor-widget elementor-widget-heading\" data-id=\"35d60d38\" data-element_type=\"widget\" data-e-type=\"widget\" data-widget_type=\"heading.default\">\n\t\t\t\t<div class=\"elementor-widget-container\">\n\t\t\t\t\t<h2 class=\"elementor-heading-title elementor-size-default\">ANWENDUNGEN\n<\/h2>\t\t\t\t<\/div>\n\t\t\t\t<\/div>\n\t\t\t\t<\/div>\n\t\t<div class=\"elementor-element elementor-element-6d3141b0 e-con-full e-flex wpr-particle-no wpr-jarallax-no wpr-parallax-no wpr-sticky-section-no wpr-equal-height-no e-con e-parent\" data-id=\"6d3141b0\" data-element_type=\"container\" data-e-type=\"container\">\n\t\t<div class=\"elementor-element elementor-element-2d73c3ff e-flex e-con-boxed wpr-particle-no wpr-jarallax-no wpr-parallax-no wpr-sticky-section-no wpr-equal-height-no e-con e-child\" data-id=\"2d73c3ff\" data-element_type=\"container\" data-e-type=\"container\">\n\t\t\t\t\t<div class=\"e-con-inner\">\n\t\t\t\t<div class=\"elementor-element elementor-element-1b9dfcd5 elementor-flip-box--effect-fade elementor-widget__width-initial elementor-widget elementor-widget-flip-box\" data-id=\"1b9dfcd5\" data-element_type=\"widget\" data-e-type=\"widget\" data-widget_type=\"flip-box.default\">\n\t\t\t\t<div class=\"elementor-widget-container\">\n\t\t\t\t\t\t\t<div class=\"elementor-flip-box\" tabindex=\"0\">\n\t\t\t<div class=\"elementor-flip-box__layer elementor-flip-box__front\">\n\t\t\t\t<div class=\"elementor-flip-box__layer__overlay\">\n\t\t\t\t\t<div class=\"elementor-flip-box__layer__inner\">\n\t\t\t\t\t\t\n\t\t\t\t\t\t\n\t\t\t\t\t\t\t\t\t\t\t<\/div>\n\t\t\t\t<\/div>\n\t\t\t<\/div>\n\t\t\t<div class=\"elementor-flip-box__layer elementor-flip-box__back\">\n\t\t\t<div class=\"elementor-flip-box__layer__overlay\">\n\t\t\t\t<div class=\"elementor-flip-box__layer__inner\">\n\t\t\t\t\t\t\t\t\t\t\t<h3 class=\"elementor-flip-box__layer__title\">\n\t\t\t\t\t\t\t  \u00dcbertragung\t\t\t\t\t\t<\/h3>\n\t\t\t\t\t\n\t\t\t\t\t\n\t\t\t\t\t\t\t\t<\/div>\n\t\t<\/div>\n\t\t<\/div>\n\t\t<\/div>\n\t\t\t\t\t\t<\/div>\n\t\t\t\t<\/div>\n\t\t\t\t<div class=\"elementor-element elementor-element-7316292 elementor-flip-box--effect-fade elementor-widget__width-initial elementor-widget elementor-widget-flip-box\" data-id=\"7316292\" data-element_type=\"widget\" data-e-type=\"widget\" data-widget_type=\"flip-box.default\">\n\t\t\t\t<div class=\"elementor-widget-container\">\n\t\t\t\t\t\t\t<div class=\"elementor-flip-box\" tabindex=\"0\">\n\t\t\t<div class=\"elementor-flip-box__layer elementor-flip-box__front\">\n\t\t\t\t<div class=\"elementor-flip-box__layer__overlay\">\n\t\t\t\t\t<div class=\"elementor-flip-box__layer__inner\">\n\t\t\t\t\t\t\n\t\t\t\t\t\t\n\t\t\t\t\t\t\t\t\t\t\t<\/div>\n\t\t\t\t<\/div>\n\t\t\t<\/div>\n\t\t\t<div class=\"elementor-flip-box__layer elementor-flip-box__back\">\n\t\t\t<div class=\"elementor-flip-box__layer__overlay\">\n\t\t\t\t<div class=\"elementor-flip-box__layer__inner\">\n\t\t\t\t\t\t\t\t\t\t\t<h3 class=\"elementor-flip-box__layer__title\">\n\t\t\t\t\t\t\tSchwerindustrie\t\t\t\t\t\t<\/h3>\n\t\t\t\t\t\n\t\t\t\t\t\n\t\t\t\t\t\t\t\t<\/div>\n\t\t<\/div>\n\t\t<\/div>\n\t\t<\/div>\n\t\t\t\t\t\t<\/div>\n\t\t\t\t<\/div>\n\t\t\t\t\t<\/div>\n\t\t\t\t<\/div>\n\t\t<div class=\"elementor-element elementor-element-89d1511 e-flex e-con-boxed wpr-particle-no wpr-jarallax-no wpr-parallax-no wpr-sticky-section-no wpr-equal-height-no e-con e-child\" data-id=\"89d1511\" data-element_type=\"container\" data-e-type=\"container\">\n\t\t\t\t\t<div class=\"e-con-inner\">\n\t\t\t\t<div class=\"elementor-element elementor-element-82c964e elementor-flip-box--effect-fade elementor-widget__width-initial elementor-widget elementor-widget-flip-box\" data-id=\"82c964e\" data-element_type=\"widget\" data-e-type=\"widget\" data-widget_type=\"flip-box.default\">\n\t\t\t\t<div class=\"elementor-widget-container\">\n\t\t\t\t\t\t\t<div class=\"elementor-flip-box\" tabindex=\"0\">\n\t\t\t<div class=\"elementor-flip-box__layer elementor-flip-box__front\">\n\t\t\t\t<div class=\"elementor-flip-box__layer__overlay\">\n\t\t\t\t\t<div class=\"elementor-flip-box__layer__inner\">\n\t\t\t\t\t\t\n\t\t\t\t\t\t\n\t\t\t\t\t\t\t\t\t\t\t<\/div>\n\t\t\t\t<\/div>\n\t\t\t<\/div>\n\t\t\t<div class=\"elementor-flip-box__layer elementor-flip-box__back\">\n\t\t\t<div class=\"elementor-flip-box__layer__overlay\">\n\t\t\t\t<div class=\"elementor-flip-box__layer__inner\">\n\t\t\t\t\t\t\t\t\t\t\t<h3 class=\"elementor-flip-box__layer__title\">\n\t\t\t\t\t\t\tMinen\t\t\t\t\t\t<\/h3>\n\t\t\t\t\t\n\t\t\t\t\t\n\t\t\t\t\t\t\t\t<\/div>\n\t\t<\/div>\n\t\t<\/div>\n\t\t<\/div>\n\t\t\t\t\t\t<\/div>\n\t\t\t\t<\/div>\n\t\t\t\t<div class=\"elementor-element elementor-element-a163799 elementor-flip-box--effect-fade elementor-widget__width-initial elementor-widget elementor-widget-flip-box\" data-id=\"a163799\" data-element_type=\"widget\" data-e-type=\"widget\" data-widget_type=\"flip-box.default\">\n\t\t\t\t<div class=\"elementor-widget-container\">\n\t\t\t\t\t\t\t<div class=\"elementor-flip-box\" tabindex=\"0\">\n\t\t\t<div class=\"elementor-flip-box__layer elementor-flip-box__front\">\n\t\t\t\t<div class=\"elementor-flip-box__layer__overlay\">\n\t\t\t\t\t<div class=\"elementor-flip-box__layer__inner\">\n\t\t\t\t\t\t\n\t\t\t\t\t\t\n\t\t\t\t\t\t\t\t\t\t\t<\/div>\n\t\t\t\t<\/div>\n\t\t\t<\/div>\n\t\t\t<div class=\"elementor-flip-box__layer elementor-flip-box__back\">\n\t\t\t<div class=\"elementor-flip-box__layer__overlay\">\n\t\t\t\t<div class=\"elementor-flip-box__layer__inner\">\n\t\t\t\t\t\t\t\t\t\t\t<h3 class=\"elementor-flip-box__layer__title\">\n\t\t\t\t\t\t\tNiedrige Temperatur\t\t\t\t\t\t<\/h3>\n\t\t\t\t\t\n\t\t\t\t\t\n\t\t\t\t\t\t\t\t<\/div>\n\t\t<\/div>\n\t\t<\/div>\n\t\t<\/div>\n\t\t\t\t\t\t<\/div>\n\t\t\t\t<\/div>\n\t\t\t\t\t<\/div>\n\t\t\t\t<\/div>\n\t\t\t\t<\/div>\n\t\t\t\t<\/div>\n\t\t","protected":false},"excerpt":{"rendered":"<p>ENERGIE F\u00dcR SCHWERE BEDINGUNGEN Entwickelt, um in den kritischsten Anwendungen installiert zu werden. Viele Unternehmen haben sich f\u00fcr Trafo Elettro als sicheren und zuverl\u00e4ssigen Partner entschieden, z.B. Minen in Chile, Papierfabriken in Italien, \u00d6lplattformen in der Nordsee, \u00d6laufbereitungsanlagen in Russland, verschiedene Versalzungsanlagen in Katar, die Davis Station &#8211; eine st\u00e4ndige Basis in der Antarktis, Zementfabriken in Sri Lanka und in der Elfenbeink\u00fcste. ANWENDUNGEN \u00dcbertragung Schwerindustrie Minen Niedrige Temperatur<\/p>\n","protected":false},"author":2,"featured_media":0,"parent":0,"menu_order":0,"comment_status":"closed","ping_status":"closed","template":"","meta":{"_acf_changed":false,"footnotes":""},"class_list":["post-27445","page","type-page","status-publish","hentry"],"acf":[],"yoast_head":"<!-- This site is optimized with the Yoast SEO plugin v27.2 - https:\/\/yoast.com\/product\/yoast-seo-wordpress\/ -->\n<title>SCHWERE BEDINGUNGEN - Trafo Elettro<\/title>\n<meta name=\"robots\" content=\"index, follow, max-snippet:-1, max-image-preview:large, max-video-preview:-1\" \/>\n<link rel=\"canonical\" href=\"https:\/\/trafoelettro.com\/de\/schwere-bedingungen\/\" \/>\n<meta property=\"og:locale\" content=\"de_DE\" \/>\n<meta property=\"og:type\" content=\"article\" \/>\n<meta property=\"og:title\" content=\"SCHWERE BEDINGUNGEN - Trafo Elettro\" \/>\n<meta property=\"og:description\" content=\"ENERGIE F\u00dcR SCHWERE BEDINGUNGEN Entwickelt, um in den kritischsten Anwendungen installiert zu werden. Viele Unternehmen haben sich f\u00fcr Trafo Elettro als sicheren und zuverl\u00e4ssigen Partner entschieden, z.B. Minen in Chile, Papierfabriken in Italien, \u00d6lplattformen in der Nordsee, \u00d6laufbereitungsanlagen in Russland, verschiedene Versalzungsanlagen in Katar, die Davis Station &#8211; eine st\u00e4ndige Basis in der Antarktis, Zementfabriken in Sri Lanka und in der Elfenbeink\u00fcste. ANWENDUNGEN \u00dcbertragung Schwerindustrie Minen Niedrige Temperatur\" \/>\n<meta property=\"og:url\" content=\"https:\/\/trafoelettro.com\/de\/schwere-bedingungen\/\" \/>\n<meta property=\"og:site_name\" content=\"Trafo Elettro\" \/>\n<meta property=\"article:modified_time\" content=\"2026-03-13T12:22:55+00:00\" \/>\n<meta property=\"og:image\" content=\"https:\/\/trafoelettro.com\/wp-content\/uploads\/2025\/03\/heavy-3.jpg\" \/>\n\t<meta property=\"og:image:width\" content=\"1920\" \/>\n\t<meta property=\"og:image:height\" content=\"421\" \/>\n\t<meta property=\"og:image:type\" content=\"image\/jpeg\" \/>\n<meta name=\"twitter:card\" content=\"summary_large_image\" \/>\n<script type=\"application\/ld+json\" class=\"yoast-schema-graph\">{\"@context\":\"https:\/\/schema.org\",\"@graph\":[{\"@type\":\"WebPage\",\"@id\":\"https:\/\/trafoelettro.com\/de\/schwere-bedingungen\/\",\"url\":\"https:\/\/trafoelettro.com\/de\/schwere-bedingungen\/\",\"name\":\"SCHWERE BEDINGUNGEN - Trafo Elettro\",\"isPartOf\":{\"@id\":\"https:\/\/chocolate-mule-156424.hostingersite.com\/#website\"},\"primaryImageOfPage\":{\"@id\":\"https:\/\/trafoelettro.com\/de\/schwere-bedingungen\/#primaryimage\"},\"image\":{\"@id\":\"https:\/\/trafoelettro.com\/de\/schwere-bedingungen\/#primaryimage\"},\"thumbnailUrl\":\"https:\/\/trafoelettro.com\/wp-content\/uploads\/2025\/03\/heavy-3.jpg\",\"datePublished\":\"2026-03-13T12:22:54+00:00\",\"dateModified\":\"2026-03-13T12:22:55+00:00\",\"breadcrumb\":{\"@id\":\"https:\/\/trafoelettro.com\/de\/schwere-bedingungen\/#breadcrumb\"},\"inLanguage\":\"de\",\"potentialAction\":[{\"@type\":\"ReadAction\",\"target\":[\"https:\/\/trafoelettro.com\/de\/schwere-bedingungen\/\"]}]},{\"@type\":\"ImageObject\",\"inLanguage\":\"de\",\"@id\":\"https:\/\/trafoelettro.com\/de\/schwere-bedingungen\/#primaryimage\",\"url\":\"https:\/\/trafoelettro.com\/wp-content\/uploads\/2025\/03\/heavy-3.jpg\",\"contentUrl\":\"https:\/\/trafoelettro.com\/wp-content\/uploads\/2025\/03\/heavy-3.jpg\"},{\"@type\":\"BreadcrumbList\",\"@id\":\"https:\/\/trafoelettro.com\/de\/schwere-bedingungen\/#breadcrumb\",\"itemListElement\":[{\"@type\":\"ListItem\",\"position\":1,\"name\":\"Home\",\"item\":\"https:\/\/trafoelettro.com\/de\/startseite\/\"},{\"@type\":\"ListItem\",\"position\":2,\"name\":\"SCHWERE BEDINGUNGEN\"}]},{\"@type\":\"WebSite\",\"@id\":\"https:\/\/chocolate-mule-156424.hostingersite.com\/#website\",\"url\":\"https:\/\/chocolate-mule-156424.hostingersite.com\/\",\"name\":\"Trafo Elettro\",\"description\":\"Endless Transformation\",\"publisher\":{\"@id\":\"https:\/\/chocolate-mule-156424.hostingersite.com\/#organization\"},\"potentialAction\":[{\"@type\":\"SearchAction\",\"target\":{\"@type\":\"EntryPoint\",\"urlTemplate\":\"https:\/\/chocolate-mule-156424.hostingersite.com\/?s={search_term_string}\"},\"query-input\":{\"@type\":\"PropertyValueSpecification\",\"valueRequired\":true,\"valueName\":\"search_term_string\"}}],\"inLanguage\":\"de\"},{\"@type\":\"Organization\",\"@id\":\"https:\/\/chocolate-mule-156424.hostingersite.com\/#organization\",\"name\":\"Trafo Elettro\",\"url\":\"https:\/\/chocolate-mule-156424.hostingersite.com\/\",\"logo\":{\"@type\":\"ImageObject\",\"inLanguage\":\"de\",\"@id\":\"https:\/\/chocolate-mule-156424.hostingersite.com\/#\/schema\/logo\/image\/\",\"url\":\"https:\/\/trafoelettro.com\/wp-content\/uploads\/2025\/02\/trafoelettro_logo-1-copia.png\",\"contentUrl\":\"https:\/\/trafoelettro.com\/wp-content\/uploads\/2025\/02\/trafoelettro_logo-1-copia.png\",\"width\":374,\"height\":179,\"caption\":\"Trafo Elettro\"},\"image\":{\"@id\":\"https:\/\/chocolate-mule-156424.hostingersite.com\/#\/schema\/logo\/image\/\"}}]}<\/script>\n<!-- \/ Yoast SEO plugin. -->","yoast_head_json":{"title":"SCHWERE BEDINGUNGEN - Trafo Elettro","robots":{"index":"index","follow":"follow","max-snippet":"max-snippet:-1","max-image-preview":"max-image-preview:large","max-video-preview":"max-video-preview:-1"},"canonical":"https:\/\/trafoelettro.com\/de\/schwere-bedingungen\/","og_locale":"de_DE","og_type":"article","og_title":"SCHWERE BEDINGUNGEN - Trafo Elettro","og_description":"ENERGIE F\u00dcR SCHWERE BEDINGUNGEN Entwickelt, um in den kritischsten Anwendungen installiert zu werden. Viele Unternehmen haben sich f\u00fcr Trafo Elettro als sicheren und zuverl\u00e4ssigen Partner entschieden, z.B. Minen in Chile, Papierfabriken in Italien, \u00d6lplattformen in der Nordsee, \u00d6laufbereitungsanlagen in Russland, verschiedene Versalzungsanlagen in Katar, die Davis Station &#8211; eine st\u00e4ndige Basis in der Antarktis, Zementfabriken in Sri Lanka und in der Elfenbeink\u00fcste. ANWENDUNGEN \u00dcbertragung Schwerindustrie Minen Niedrige Temperatur","og_url":"https:\/\/trafoelettro.com\/de\/schwere-bedingungen\/","og_site_name":"Trafo Elettro","article_modified_time":"2026-03-13T12:22:55+00:00","og_image":[{"width":1920,"height":421,"url":"https:\/\/trafoelettro.com\/wp-content\/uploads\/2025\/03\/heavy-3.jpg","type":"image\/jpeg"}],"twitter_card":"summary_large_image","schema":{"@context":"https:\/\/schema.org","@graph":[{"@type":"WebPage","@id":"https:\/\/trafoelettro.com\/de\/schwere-bedingungen\/","url":"https:\/\/trafoelettro.com\/de\/schwere-bedingungen\/","name":"SCHWERE BEDINGUNGEN - Trafo Elettro","isPartOf":{"@id":"https:\/\/chocolate-mule-156424.hostingersite.com\/#website"},"primaryImageOfPage":{"@id":"https:\/\/trafoelettro.com\/de\/schwere-bedingungen\/#primaryimage"},"image":{"@id":"https:\/\/trafoelettro.com\/de\/schwere-bedingungen\/#primaryimage"},"thumbnailUrl":"https:\/\/trafoelettro.com\/wp-content\/uploads\/2025\/03\/heavy-3.jpg","datePublished":"2026-03-13T12:22:54+00:00","dateModified":"2026-03-13T12:22:55+00:00","breadcrumb":{"@id":"https:\/\/trafoelettro.com\/de\/schwere-bedingungen\/#breadcrumb"},"inLanguage":"de","potentialAction":[{"@type":"ReadAction","target":["https:\/\/trafoelettro.com\/de\/schwere-bedingungen\/"]}]},{"@type":"ImageObject","inLanguage":"de","@id":"https:\/\/trafoelettro.com\/de\/schwere-bedingungen\/#primaryimage","url":"https:\/\/trafoelettro.com\/wp-content\/uploads\/2025\/03\/heavy-3.jpg","contentUrl":"https:\/\/trafoelettro.com\/wp-content\/uploads\/2025\/03\/heavy-3.jpg"},{"@type":"BreadcrumbList","@id":"https:\/\/trafoelettro.com\/de\/schwere-bedingungen\/#breadcrumb","itemListElement":[{"@type":"ListItem","position":1,"name":"Home","item":"https:\/\/trafoelettro.com\/de\/startseite\/"},{"@type":"ListItem","position":2,"name":"SCHWERE BEDINGUNGEN"}]},{"@type":"WebSite","@id":"https:\/\/chocolate-mule-156424.hostingersite.com\/#website","url":"https:\/\/chocolate-mule-156424.hostingersite.com\/","name":"Trafo Elettro","description":"Endless Transformation","publisher":{"@id":"https:\/\/chocolate-mule-156424.hostingersite.com\/#organization"},"potentialAction":[{"@type":"SearchAction","target":{"@type":"EntryPoint","urlTemplate":"https:\/\/chocolate-mule-156424.hostingersite.com\/?s={search_term_string}"},"query-input":{"@type":"PropertyValueSpecification","valueRequired":true,"valueName":"search_term_string"}}],"inLanguage":"de"},{"@type":"Organization","@id":"https:\/\/chocolate-mule-156424.hostingersite.com\/#organization","name":"Trafo Elettro","url":"https:\/\/chocolate-mule-156424.hostingersite.com\/","logo":{"@type":"ImageObject","inLanguage":"de","@id":"https:\/\/chocolate-mule-156424.hostingersite.com\/#\/schema\/logo\/image\/","url":"https:\/\/trafoelettro.com\/wp-content\/uploads\/2025\/02\/trafoelettro_logo-1-copia.png","contentUrl":"https:\/\/trafoelettro.com\/wp-content\/uploads\/2025\/02\/trafoelettro_logo-1-copia.png","width":374,"height":179,"caption":"Trafo Elettro"},"image":{"@id":"https:\/\/chocolate-mule-156424.hostingersite.com\/#\/schema\/logo\/image\/"}}]}},"_links":{"self":[{"href":"https:\/\/trafoelettro.com\/de\/wp-json\/wp\/v2\/pages\/27445","targetHints":{"allow":["GET"]}}],"collection":[{"href":"https:\/\/trafoelettro.com\/de\/wp-json\/wp\/v2\/pages"}],"about":[{"href":"https:\/\/trafoelettro.com\/de\/wp-json\/wp\/v2\/types\/page"}],"author":[{"embeddable":true,"href":"https:\/\/trafoelettro.com\/de\/wp-json\/wp\/v2\/users\/2"}],"replies":[{"embeddable":true,"href":"https:\/\/trafoelettro.com\/de\/wp-json\/wp\/v2\/comments?post=27445"}],"version-history":[{"count":1,"href":"https:\/\/trafoelettro.com\/de\/wp-json\/wp\/v2\/pages\/27445\/revisions"}],"predecessor-version":[{"id":27451,"href":"https:\/\/trafoelettro.com\/de\/wp-json\/wp\/v2\/pages\/27445\/revisions\/27451"}],"wp:attachment":[{"href":"https:\/\/trafoelettro.com\/de\/wp-json\/wp\/v2\/media?parent=27445"}],"curies":[{"name":"wp","href":"https:\/\/api.w.org\/{rel}","templated":true}]}}