{"id":27552,"date":"2026-03-13T12:25:23","date_gmt":"2026-03-13T12:25:23","guid":{"rendered":"https:\/\/trafoelettro.com\/bewegung\/"},"modified":"2026-03-13T12:25:26","modified_gmt":"2026-03-13T12:25:26","slug":"bewegung","status":"publish","type":"page","link":"https:\/\/trafoelettro.com\/de\/bewegung\/","title":{"rendered":"Bewegung"},"content":{"rendered":"\t\t<div data-elementor-type=\"wp-page\" data-elementor-id=\"27552\" class=\"elementor elementor-27552 elementor-869\" data-elementor-post-type=\"page\">\n\t\t\t\t<div class=\"elementor-element elementor-element-67cc2d8c e-con-full e-flex wpr-particle-no wpr-jarallax-no wpr-parallax-no wpr-sticky-section-no wpr-equal-height-no e-con e-parent\" data-id=\"67cc2d8c\" data-element_type=\"container\" data-e-type=\"container\">\n\t\t\t\t<div class=\"elementor-element elementor-element-3a23273c elementor-widget elementor-widget-image\" data-id=\"3a23273c\" data-element_type=\"widget\" data-e-type=\"widget\" data-widget_type=\"image.default\">\n\t\t\t\t<div class=\"elementor-widget-container\">\n\t\t\t\t\t\t\t\t\t\t\t\t\t\t\t<img fetchpriority=\"high\" decoding=\"async\" width=\"1920\" height=\"420\" src=\"https:\/\/trafoelettro.com\/wp-content\/uploads\/2025\/03\/motion.jpg\" class=\"attachment-full size-full wp-image-27553\" alt=\"\" srcset=\"https:\/\/trafoelettro.com\/wp-content\/uploads\/2025\/03\/motion.jpg 1920w, https:\/\/trafoelettro.com\/wp-content\/uploads\/2025\/03\/motion-300x66.jpg 300w, https:\/\/trafoelettro.com\/wp-content\/uploads\/2025\/03\/motion-1024x224.jpg 1024w, https:\/\/trafoelettro.com\/wp-content\/uploads\/2025\/03\/motion-768x168.jpg 768w, https:\/\/trafoelettro.com\/wp-content\/uploads\/2025\/03\/motion-1536x336.jpg 1536w\" sizes=\"(max-width: 1920px) 100vw, 1920px\" \/>\t\t\t\t\t\t\t\t\t\t\t\t\t\t\t<\/div>\n\t\t\t\t<\/div>\n\t\t\t\t<\/div>\n\t\t<div class=\"elementor-element elementor-element-1871d806 e-con-full e-flex wpr-particle-no wpr-jarallax-no wpr-parallax-no wpr-sticky-section-no wpr-equal-height-no e-con e-parent\" data-id=\"1871d806\" data-element_type=\"container\" data-e-type=\"container\">\n\t\t<div class=\"elementor-element elementor-element-2cbc2673 e-flex e-con-boxed wpr-particle-no wpr-jarallax-no wpr-parallax-no wpr-sticky-section-no wpr-equal-height-no e-con e-child\" data-id=\"2cbc2673\" data-element_type=\"container\" data-e-type=\"container\">\n\t\t\t\t\t<div class=\"e-con-inner\">\n\t\t\t\t<div class=\"elementor-element elementor-element-237a1163 elementor-widget elementor-widget-heading\" data-id=\"237a1163\" data-element_type=\"widget\" data-e-type=\"widget\" data-widget_type=\"heading.default\">\n\t\t\t\t<div class=\"elementor-widget-container\">\n\t\t\t\t\t<h2 class=\"elementor-heading-title elementor-size-default\">ENERGIE F\u00dcR BEWEGUNG\n<\/h2>\t\t\t\t<\/div>\n\t\t\t\t<\/div>\n\t\t\t\t<div class=\"elementor-element elementor-element-1fd839b6 elementor-widget elementor-widget-text-editor\" data-id=\"1fd839b6\" data-element_type=\"widget\" data-e-type=\"widget\" data-widget_type=\"text-editor.default\">\n\t\t\t\t<div class=\"elementor-widget-container\">\n\t\t\t\t\t\t\t\t\t<div class=\" vc_custom_1518186365712\"><div id=\"text-block-5\" class=\"mk-text-block \"><p>Dank der Transformatoren von Trafo Elettro reisen Menschen jeden Tag p\u00fcnktlich. Viele Transformatoren wurden in Flugh\u00e4fen wie dem Flughafen Schiphol (NL), Astana (KZ) und Tocumen (PA) installiert. U-Bahnen wie Lima (PE) und Eisenbahnen wie Gaziantep (TR), Caracas (VE), Mailand, Adria und die Hochgeschwindigkeitsstrecke Turin-Neapel in Italien.  <\/p><div class=\"clearboth\"> <\/div><\/div><\/div>\t\t\t\t\t\t\t\t<\/div>\n\t\t\t\t<\/div>\n\t\t\t\t\t<\/div>\n\t\t\t\t<\/div>\n\t\t\t\t<\/div>\n\t\t<div class=\"elementor-element elementor-element-9432a42 e-con-full e-flex wpr-particle-no wpr-jarallax-no wpr-parallax-no wpr-sticky-section-no wpr-equal-height-no e-con e-parent\" data-id=\"9432a42\" data-element_type=\"container\" data-e-type=\"container\">\n\t\t\t\t<div class=\"elementor-element elementor-element-73be760d elementor-widget elementor-widget-heading\" data-id=\"73be760d\" data-element_type=\"widget\" data-e-type=\"widget\" data-widget_type=\"heading.default\">\n\t\t\t\t<div class=\"elementor-widget-container\">\n\t\t\t\t\t<h2 class=\"elementor-heading-title elementor-size-default\">ANWENDUNGEN\n<\/h2>\t\t\t\t<\/div>\n\t\t\t\t<\/div>\n\t\t\t\t<\/div>\n\t\t<div class=\"elementor-element elementor-element-6de8473e e-con-full e-flex wpr-particle-no wpr-jarallax-no wpr-parallax-no wpr-sticky-section-no wpr-equal-height-no e-con e-parent\" data-id=\"6de8473e\" data-element_type=\"container\" data-e-type=\"container\">\n\t\t<div class=\"elementor-element elementor-element-61c5f61 e-flex e-con-boxed wpr-particle-no wpr-jarallax-no wpr-parallax-no wpr-sticky-section-no wpr-equal-height-no e-con e-child\" data-id=\"61c5f61\" data-element_type=\"container\" data-e-type=\"container\">\n\t\t\t\t\t<div class=\"e-con-inner\">\n\t\t\t\t<div class=\"elementor-element elementor-element-3c40b0bf elementor-flip-box--effect-fade elementor-widget__width-initial elementor-widget elementor-widget-flip-box\" data-id=\"3c40b0bf\" data-element_type=\"widget\" data-e-type=\"widget\" data-widget_type=\"flip-box.default\">\n\t\t\t\t<div class=\"elementor-widget-container\">\n\t\t\t\t\t\t\t<div class=\"elementor-flip-box\" tabindex=\"0\">\n\t\t\t<div class=\"elementor-flip-box__layer elementor-flip-box__front\">\n\t\t\t\t<div class=\"elementor-flip-box__layer__overlay\">\n\t\t\t\t\t<div class=\"elementor-flip-box__layer__inner\">\n\t\t\t\t\t\t\n\t\t\t\t\t\t\n\t\t\t\t\t\t\t\t\t\t\t<\/div>\n\t\t\t\t<\/div>\n\t\t\t<\/div>\n\t\t\t<div class=\"elementor-flip-box__layer elementor-flip-box__back\">\n\t\t\t<div class=\"elementor-flip-box__layer__overlay\">\n\t\t\t\t<div class=\"elementor-flip-box__layer__inner\">\n\t\t\t\t\t\t\t\t\t\t\t<h3 class=\"elementor-flip-box__layer__title\">\n\t\t\t\t\t\t\tEisenbahnen\t\t\t\t\t\t<\/h3>\n\t\t\t\t\t\n\t\t\t\t\t\n\t\t\t\t\t\t\t\t<\/div>\n\t\t<\/div>\n\t\t<\/div>\n\t\t<\/div>\n\t\t\t\t\t\t<\/div>\n\t\t\t\t<\/div>\n\t\t\t\t\t<\/div>\n\t\t\t\t<\/div>\n\t\t\t\t<\/div>\n\t\t\t\t<\/div>\n\t\t","protected":false},"excerpt":{"rendered":"<p>ENERGIE F\u00dcR BEWEGUNG Dank der Transformatoren von Trafo Elettro reisen Menschen jeden Tag p\u00fcnktlich. Viele Transformatoren wurden in Flugh\u00e4fen wie dem Flughafen Schiphol (NL), Astana (KZ) und Tocumen (PA) installiert. U-Bahnen wie Lima (PE) und Eisenbahnen wie Gaziantep (TR), Caracas (VE), Mailand, Adria und die Hochgeschwindigkeitsstrecke Turin-Neapel in Italien. ANWENDUNGEN Eisenbahnen<\/p>\n","protected":false},"author":2,"featured_media":0,"parent":0,"menu_order":0,"comment_status":"closed","ping_status":"closed","template":"","meta":{"_acf_changed":false,"footnotes":""},"class_list":["post-27552","page","type-page","status-publish","hentry"],"acf":[],"yoast_head":"<!-- This site is optimized with the Yoast SEO plugin v27.2 - https:\/\/yoast.com\/product\/yoast-seo-wordpress\/ -->\n<title>Bewegung - Trafo Elettro<\/title>\n<meta name=\"robots\" content=\"index, follow, max-snippet:-1, max-image-preview:large, max-video-preview:-1\" \/>\n<link rel=\"canonical\" href=\"https:\/\/trafoelettro.com\/de\/bewegung\/\" \/>\n<meta property=\"og:locale\" content=\"de_DE\" \/>\n<meta property=\"og:type\" content=\"article\" \/>\n<meta property=\"og:title\" content=\"Bewegung - Trafo Elettro\" \/>\n<meta property=\"og:description\" content=\"ENERGIE F\u00dcR BEWEGUNG Dank der Transformatoren von Trafo Elettro reisen Menschen jeden Tag p\u00fcnktlich. Viele Transformatoren wurden in Flugh\u00e4fen wie dem Flughafen Schiphol (NL), Astana (KZ) und Tocumen (PA) installiert. U-Bahnen wie Lima (PE) und Eisenbahnen wie Gaziantep (TR), Caracas (VE), Mailand, Adria und die Hochgeschwindigkeitsstrecke Turin-Neapel in Italien. ANWENDUNGEN Eisenbahnen\" \/>\n<meta property=\"og:url\" content=\"https:\/\/trafoelettro.com\/de\/bewegung\/\" \/>\n<meta property=\"og:site_name\" content=\"Trafo Elettro\" \/>\n<meta property=\"article:modified_time\" content=\"2026-03-13T12:25:26+00:00\" \/>\n<meta property=\"og:image\" content=\"https:\/\/trafoelettro.com\/wp-content\/uploads\/2025\/03\/motion.jpg\" \/>\n\t<meta property=\"og:image:width\" content=\"1920\" \/>\n\t<meta property=\"og:image:height\" content=\"420\" \/>\n\t<meta property=\"og:image:type\" content=\"image\/jpeg\" \/>\n<meta name=\"twitter:card\" content=\"summary_large_image\" \/>\n<script type=\"application\/ld+json\" class=\"yoast-schema-graph\">{\"@context\":\"https:\/\/schema.org\",\"@graph\":[{\"@type\":\"WebPage\",\"@id\":\"https:\/\/trafoelettro.com\/de\/bewegung\/\",\"url\":\"https:\/\/trafoelettro.com\/de\/bewegung\/\",\"name\":\"Bewegung - Trafo Elettro\",\"isPartOf\":{\"@id\":\"https:\/\/chocolate-mule-156424.hostingersite.com\/#website\"},\"primaryImageOfPage\":{\"@id\":\"https:\/\/trafoelettro.com\/de\/bewegung\/#primaryimage\"},\"image\":{\"@id\":\"https:\/\/trafoelettro.com\/de\/bewegung\/#primaryimage\"},\"thumbnailUrl\":\"https:\/\/trafoelettro.com\/wp-content\/uploads\/2025\/03\/motion.jpg\",\"datePublished\":\"2026-03-13T12:25:23+00:00\",\"dateModified\":\"2026-03-13T12:25:26+00:00\",\"breadcrumb\":{\"@id\":\"https:\/\/trafoelettro.com\/de\/bewegung\/#breadcrumb\"},\"inLanguage\":\"de\",\"potentialAction\":[{\"@type\":\"ReadAction\",\"target\":[\"https:\/\/trafoelettro.com\/de\/bewegung\/\"]}]},{\"@type\":\"ImageObject\",\"inLanguage\":\"de\",\"@id\":\"https:\/\/trafoelettro.com\/de\/bewegung\/#primaryimage\",\"url\":\"https:\/\/trafoelettro.com\/wp-content\/uploads\/2025\/03\/motion.jpg\",\"contentUrl\":\"https:\/\/trafoelettro.com\/wp-content\/uploads\/2025\/03\/motion.jpg\"},{\"@type\":\"BreadcrumbList\",\"@id\":\"https:\/\/trafoelettro.com\/de\/bewegung\/#breadcrumb\",\"itemListElement\":[{\"@type\":\"ListItem\",\"position\":1,\"name\":\"Home\",\"item\":\"https:\/\/trafoelettro.com\/de\/startseite\/\"},{\"@type\":\"ListItem\",\"position\":2,\"name\":\"Bewegung\"}]},{\"@type\":\"WebSite\",\"@id\":\"https:\/\/chocolate-mule-156424.hostingersite.com\/#website\",\"url\":\"https:\/\/chocolate-mule-156424.hostingersite.com\/\",\"name\":\"Trafo Elettro\",\"description\":\"Endless Transformation\",\"publisher\":{\"@id\":\"https:\/\/chocolate-mule-156424.hostingersite.com\/#organization\"},\"potentialAction\":[{\"@type\":\"SearchAction\",\"target\":{\"@type\":\"EntryPoint\",\"urlTemplate\":\"https:\/\/chocolate-mule-156424.hostingersite.com\/?s={search_term_string}\"},\"query-input\":{\"@type\":\"PropertyValueSpecification\",\"valueRequired\":true,\"valueName\":\"search_term_string\"}}],\"inLanguage\":\"de\"},{\"@type\":\"Organization\",\"@id\":\"https:\/\/chocolate-mule-156424.hostingersite.com\/#organization\",\"name\":\"Trafo Elettro\",\"url\":\"https:\/\/chocolate-mule-156424.hostingersite.com\/\",\"logo\":{\"@type\":\"ImageObject\",\"inLanguage\":\"de\",\"@id\":\"https:\/\/chocolate-mule-156424.hostingersite.com\/#\/schema\/logo\/image\/\",\"url\":\"https:\/\/trafoelettro.com\/wp-content\/uploads\/2025\/02\/trafoelettro_logo-1-copia.png\",\"contentUrl\":\"https:\/\/trafoelettro.com\/wp-content\/uploads\/2025\/02\/trafoelettro_logo-1-copia.png\",\"width\":374,\"height\":179,\"caption\":\"Trafo Elettro\"},\"image\":{\"@id\":\"https:\/\/chocolate-mule-156424.hostingersite.com\/#\/schema\/logo\/image\/\"}}]}<\/script>\n<!-- \/ Yoast SEO plugin. -->","yoast_head_json":{"title":"Bewegung - Trafo Elettro","robots":{"index":"index","follow":"follow","max-snippet":"max-snippet:-1","max-image-preview":"max-image-preview:large","max-video-preview":"max-video-preview:-1"},"canonical":"https:\/\/trafoelettro.com\/de\/bewegung\/","og_locale":"de_DE","og_type":"article","og_title":"Bewegung - Trafo Elettro","og_description":"ENERGIE F\u00dcR BEWEGUNG Dank der Transformatoren von Trafo Elettro reisen Menschen jeden Tag p\u00fcnktlich. Viele Transformatoren wurden in Flugh\u00e4fen wie dem Flughafen Schiphol (NL), Astana (KZ) und Tocumen (PA) installiert. U-Bahnen wie Lima (PE) und Eisenbahnen wie Gaziantep (TR), Caracas (VE), Mailand, Adria und die Hochgeschwindigkeitsstrecke Turin-Neapel in Italien. ANWENDUNGEN Eisenbahnen","og_url":"https:\/\/trafoelettro.com\/de\/bewegung\/","og_site_name":"Trafo Elettro","article_modified_time":"2026-03-13T12:25:26+00:00","og_image":[{"width":1920,"height":420,"url":"https:\/\/trafoelettro.com\/wp-content\/uploads\/2025\/03\/motion.jpg","type":"image\/jpeg"}],"twitter_card":"summary_large_image","schema":{"@context":"https:\/\/schema.org","@graph":[{"@type":"WebPage","@id":"https:\/\/trafoelettro.com\/de\/bewegung\/","url":"https:\/\/trafoelettro.com\/de\/bewegung\/","name":"Bewegung - Trafo Elettro","isPartOf":{"@id":"https:\/\/chocolate-mule-156424.hostingersite.com\/#website"},"primaryImageOfPage":{"@id":"https:\/\/trafoelettro.com\/de\/bewegung\/#primaryimage"},"image":{"@id":"https:\/\/trafoelettro.com\/de\/bewegung\/#primaryimage"},"thumbnailUrl":"https:\/\/trafoelettro.com\/wp-content\/uploads\/2025\/03\/motion.jpg","datePublished":"2026-03-13T12:25:23+00:00","dateModified":"2026-03-13T12:25:26+00:00","breadcrumb":{"@id":"https:\/\/trafoelettro.com\/de\/bewegung\/#breadcrumb"},"inLanguage":"de","potentialAction":[{"@type":"ReadAction","target":["https:\/\/trafoelettro.com\/de\/bewegung\/"]}]},{"@type":"ImageObject","inLanguage":"de","@id":"https:\/\/trafoelettro.com\/de\/bewegung\/#primaryimage","url":"https:\/\/trafoelettro.com\/wp-content\/uploads\/2025\/03\/motion.jpg","contentUrl":"https:\/\/trafoelettro.com\/wp-content\/uploads\/2025\/03\/motion.jpg"},{"@type":"BreadcrumbList","@id":"https:\/\/trafoelettro.com\/de\/bewegung\/#breadcrumb","itemListElement":[{"@type":"ListItem","position":1,"name":"Home","item":"https:\/\/trafoelettro.com\/de\/startseite\/"},{"@type":"ListItem","position":2,"name":"Bewegung"}]},{"@type":"WebSite","@id":"https:\/\/chocolate-mule-156424.hostingersite.com\/#website","url":"https:\/\/chocolate-mule-156424.hostingersite.com\/","name":"Trafo Elettro","description":"Endless Transformation","publisher":{"@id":"https:\/\/chocolate-mule-156424.hostingersite.com\/#organization"},"potentialAction":[{"@type":"SearchAction","target":{"@type":"EntryPoint","urlTemplate":"https:\/\/chocolate-mule-156424.hostingersite.com\/?s={search_term_string}"},"query-input":{"@type":"PropertyValueSpecification","valueRequired":true,"valueName":"search_term_string"}}],"inLanguage":"de"},{"@type":"Organization","@id":"https:\/\/chocolate-mule-156424.hostingersite.com\/#organization","name":"Trafo Elettro","url":"https:\/\/chocolate-mule-156424.hostingersite.com\/","logo":{"@type":"ImageObject","inLanguage":"de","@id":"https:\/\/chocolate-mule-156424.hostingersite.com\/#\/schema\/logo\/image\/","url":"https:\/\/trafoelettro.com\/wp-content\/uploads\/2025\/02\/trafoelettro_logo-1-copia.png","contentUrl":"https:\/\/trafoelettro.com\/wp-content\/uploads\/2025\/02\/trafoelettro_logo-1-copia.png","width":374,"height":179,"caption":"Trafo Elettro"},"image":{"@id":"https:\/\/chocolate-mule-156424.hostingersite.com\/#\/schema\/logo\/image\/"}}]}},"_links":{"self":[{"href":"https:\/\/trafoelettro.com\/de\/wp-json\/wp\/v2\/pages\/27552","targetHints":{"allow":["GET"]}}],"collection":[{"href":"https:\/\/trafoelettro.com\/de\/wp-json\/wp\/v2\/pages"}],"about":[{"href":"https:\/\/trafoelettro.com\/de\/wp-json\/wp\/v2\/types\/page"}],"author":[{"embeddable":true,"href":"https:\/\/trafoelettro.com\/de\/wp-json\/wp\/v2\/users\/2"}],"replies":[{"embeddable":true,"href":"https:\/\/trafoelettro.com\/de\/wp-json\/wp\/v2\/comments?post=27552"}],"version-history":[{"count":1,"href":"https:\/\/trafoelettro.com\/de\/wp-json\/wp\/v2\/pages\/27552\/revisions"}],"predecessor-version":[{"id":27556,"href":"https:\/\/trafoelettro.com\/de\/wp-json\/wp\/v2\/pages\/27552\/revisions\/27556"}],"wp:attachment":[{"href":"https:\/\/trafoelettro.com\/de\/wp-json\/wp\/v2\/media?parent=27552"}],"curies":[{"name":"wp","href":"https:\/\/api.w.org\/{rel}","templated":true}]}}