{"id":27557,"date":"2026-03-13T12:25:24","date_gmt":"2026-03-13T12:25:24","guid":{"rendered":"https:\/\/trafoelettro.com\/taeglicher-bedarf\/"},"modified":"2026-03-13T12:25:26","modified_gmt":"2026-03-13T12:25:26","slug":"taeglicher-bedarf","status":"publish","type":"page","link":"https:\/\/trafoelettro.com\/de\/taeglicher-bedarf\/","title":{"rendered":"T\u00c4GLICHER BEDARF"},"content":{"rendered":"\t\t<div data-elementor-type=\"wp-page\" data-elementor-id=\"27557\" class=\"elementor elementor-27557 elementor-823\" data-elementor-post-type=\"page\">\n\t\t\t\t<div class=\"elementor-element elementor-element-b484a3f e-con-full e-flex wpr-particle-no wpr-jarallax-no wpr-parallax-no wpr-sticky-section-no wpr-equal-height-no e-con e-parent\" data-id=\"b484a3f\" data-element_type=\"container\" data-e-type=\"container\">\n\t\t\t\t<div class=\"elementor-element elementor-element-ccbff5c elementor-widget elementor-widget-image\" data-id=\"ccbff5c\" data-element_type=\"widget\" data-e-type=\"widget\" data-widget_type=\"image.default\">\n\t\t\t\t<div class=\"elementor-widget-container\">\n\t\t\t\t\t\t\t\t\t\t\t\t\t\t\t<img fetchpriority=\"high\" decoding=\"async\" width=\"1920\" height=\"420\" src=\"https:\/\/trafoelettro.com\/wp-content\/uploads\/2025\/03\/daily-2.jpg\" class=\"attachment-full size-full wp-image-27558\" alt=\"\" srcset=\"https:\/\/trafoelettro.com\/wp-content\/uploads\/2025\/03\/daily-2.jpg 1920w, https:\/\/trafoelettro.com\/wp-content\/uploads\/2025\/03\/daily-2-300x66.jpg 300w, https:\/\/trafoelettro.com\/wp-content\/uploads\/2025\/03\/daily-2-1024x224.jpg 1024w, https:\/\/trafoelettro.com\/wp-content\/uploads\/2025\/03\/daily-2-768x168.jpg 768w, https:\/\/trafoelettro.com\/wp-content\/uploads\/2025\/03\/daily-2-1536x336.jpg 1536w\" sizes=\"(max-width: 1920px) 100vw, 1920px\" \/>\t\t\t\t\t\t\t\t\t\t\t\t\t\t\t<\/div>\n\t\t\t\t<\/div>\n\t\t\t\t<\/div>\n\t\t<div class=\"elementor-element elementor-element-ad5daf9 e-con-full e-flex wpr-particle-no wpr-jarallax-no wpr-parallax-no wpr-sticky-section-no wpr-equal-height-no e-con e-parent\" data-id=\"ad5daf9\" data-element_type=\"container\" data-e-type=\"container\">\n\t\t<div class=\"elementor-element elementor-element-cf09b0c e-flex e-con-boxed wpr-particle-no wpr-jarallax-no wpr-parallax-no wpr-sticky-section-no wpr-equal-height-no e-con e-child\" data-id=\"cf09b0c\" data-element_type=\"container\" data-e-type=\"container\">\n\t\t\t\t\t<div class=\"e-con-inner\">\n\t\t\t\t<div class=\"elementor-element elementor-element-aae98ba elementor-widget elementor-widget-heading\" data-id=\"aae98ba\" data-element_type=\"widget\" data-e-type=\"widget\" data-widget_type=\"heading.default\">\n\t\t\t\t<div class=\"elementor-widget-container\">\n\t\t\t\t\t<h2 class=\"elementor-heading-title elementor-size-default\">ENERGIE F\u00dcR DEN T\u00c4GLICHEN BEDARF\n<\/h2>\t\t\t\t<\/div>\n\t\t\t\t<\/div>\n\t\t\t\t<div class=\"elementor-element elementor-element-81cd77c elementor-widget elementor-widget-text-editor\" data-id=\"81cd77c\" data-element_type=\"widget\" data-e-type=\"widget\" data-widget_type=\"text-editor.default\">\n\t\t\t\t<div class=\"elementor-widget-container\">\n\t\t\t\t\t\t\t\t\t<p>Energie ist ein Teil des Lebens, insbesondere dort, wo ein kontinuierlicher Betrieb erforderlich ist. Viele Trafo Elettro Transformatoren werden in \u00f6ffentlichen Geb\u00e4uden wie dem Palazzo Reale in Mailand (IT), dem Palmerston Hospital (AUS), dem Isala Hospital (NL), dem Havelock City Clubhouse (LK), dem Centaurus Hotel (PK), dem Vakkaru Resort (ML) und dem Nepal Pavillon w\u00e4hrend der Expo Milano 2015 eingesetzt. <\/p>\t\t\t\t\t\t\t\t<\/div>\n\t\t\t\t<\/div>\n\t\t\t\t\t<\/div>\n\t\t\t\t<\/div>\n\t\t\t\t<\/div>\n\t\t<div class=\"elementor-element elementor-element-cf538bf e-con-full e-flex wpr-particle-no wpr-jarallax-no wpr-parallax-no wpr-sticky-section-no wpr-equal-height-no e-con e-parent\" data-id=\"cf538bf\" data-element_type=\"container\" data-e-type=\"container\">\n\t\t\t\t<div class=\"elementor-element elementor-element-d2261a8 elementor-widget elementor-widget-heading\" data-id=\"d2261a8\" data-element_type=\"widget\" data-e-type=\"widget\" data-widget_type=\"heading.default\">\n\t\t\t\t<div class=\"elementor-widget-container\">\n\t\t\t\t\t<h2 class=\"elementor-heading-title elementor-size-default\">ANWENDUNGEN\n<\/h2>\t\t\t\t<\/div>\n\t\t\t\t<\/div>\n\t\t\t\t<\/div>\n\t\t<div class=\"elementor-element elementor-element-87d52cd e-con-full e-flex wpr-particle-no wpr-jarallax-no wpr-parallax-no wpr-sticky-section-no wpr-equal-height-no e-con e-parent\" data-id=\"87d52cd\" data-element_type=\"container\" data-e-type=\"container\">\n\t\t<div class=\"elementor-element elementor-element-898d15d e-flex e-con-boxed wpr-particle-no wpr-jarallax-no wpr-parallax-no wpr-sticky-section-no wpr-equal-height-no e-con e-child\" data-id=\"898d15d\" data-element_type=\"container\" data-e-type=\"container\">\n\t\t\t\t\t<div class=\"e-con-inner\">\n\t\t\t\t<div class=\"elementor-element elementor-element-1e11a56 elementor-flip-box--effect-fade elementor-widget__width-initial elementor-widget elementor-widget-flip-box\" data-id=\"1e11a56\" data-element_type=\"widget\" data-e-type=\"widget\" data-widget_type=\"flip-box.default\">\n\t\t\t\t<div class=\"elementor-widget-container\">\n\t\t\t\t\t\t\t<div class=\"elementor-flip-box\" tabindex=\"0\">\n\t\t\t<div class=\"elementor-flip-box__layer elementor-flip-box__front\">\n\t\t\t\t<div class=\"elementor-flip-box__layer__overlay\">\n\t\t\t\t\t<div class=\"elementor-flip-box__layer__inner\">\n\t\t\t\t\t\t\n\t\t\t\t\t\t\n\t\t\t\t\t\t\t\t\t\t\t<\/div>\n\t\t\t\t<\/div>\n\t\t\t<\/div>\n\t\t\t<div class=\"elementor-flip-box__layer elementor-flip-box__back\">\n\t\t\t<div class=\"elementor-flip-box__layer__overlay\">\n\t\t\t\t<div class=\"elementor-flip-box__layer__inner\">\n\t\t\t\t\t\t\t\t\t\t\t<h3 class=\"elementor-flip-box__layer__title\">\n\t\t\t\t\t\t\t  \u00dcbertragung\t\t\t\t\t\t<\/h3>\n\t\t\t\t\t\n\t\t\t\t\t\n\t\t\t\t\t\t\t\t<\/div>\n\t\t<\/div>\n\t\t<\/div>\n\t\t<\/div>\n\t\t\t\t\t\t<\/div>\n\t\t\t\t<\/div>\n\t\t\t\t<div class=\"elementor-element elementor-element-56b27ae elementor-flip-box--effect-fade elementor-widget__width-initial elementor-widget elementor-widget-flip-box\" data-id=\"56b27ae\" data-element_type=\"widget\" data-e-type=\"widget\" data-widget_type=\"flip-box.default\">\n\t\t\t\t<div class=\"elementor-widget-container\">\n\t\t\t\t\t\t\t<div class=\"elementor-flip-box\" tabindex=\"0\">\n\t\t\t<div class=\"elementor-flip-box__layer elementor-flip-box__front\">\n\t\t\t\t<div class=\"elementor-flip-box__layer__overlay\">\n\t\t\t\t\t<div class=\"elementor-flip-box__layer__inner\">\n\t\t\t\t\t\t\n\t\t\t\t\t\t\n\t\t\t\t\t\t\t\t\t\t\t<\/div>\n\t\t\t\t<\/div>\n\t\t\t<\/div>\n\t\t\t<div class=\"elementor-flip-box__layer elementor-flip-box__back\">\n\t\t\t<div class=\"elementor-flip-box__layer__overlay\">\n\t\t\t\t<div class=\"elementor-flip-box__layer__inner\">\n\t\t\t\t\t\t\t\t\t\t\t<h3 class=\"elementor-flip-box__layer__title\">\n\t\t\t\t\t\t\tZivile Verteilung\t\t\t\t\t\t<\/h3>\n\t\t\t\t\t\n\t\t\t\t\t\n\t\t\t\t\t\t\t\t<\/div>\n\t\t<\/div>\n\t\t<\/div>\n\t\t<\/div>\n\t\t\t\t\t\t<\/div>\n\t\t\t\t<\/div>\n\t\t\t\t\t<\/div>\n\t\t\t\t<\/div>\n\t\t\t\t<\/div>\n\t\t\t\t<\/div>\n\t\t","protected":false},"excerpt":{"rendered":"<p>ENERGIE F\u00dcR DEN T\u00c4GLICHEN BEDARF Energie ist ein Teil des Lebens, insbesondere dort, wo ein kontinuierlicher Betrieb erforderlich ist. Viele Trafo Elettro Transformatoren werden in \u00f6ffentlichen Geb\u00e4uden wie dem Palazzo Reale in Mailand (IT), dem Palmerston Hospital (AUS), dem Isala Hospital (NL), dem Havelock City Clubhouse (LK), dem Centaurus Hotel (PK), dem Vakkaru Resort (ML) und dem Nepal Pavillon w\u00e4hrend der Expo Milano 2015 eingesetzt. ANWENDUNGEN \u00dcbertragung Zivile Verteilung<\/p>\n","protected":false},"author":2,"featured_media":0,"parent":0,"menu_order":0,"comment_status":"closed","ping_status":"closed","template":"","meta":{"_acf_changed":false,"footnotes":""},"class_list":["post-27557","page","type-page","status-publish","hentry"],"acf":[],"yoast_head":"<!-- This site is optimized with the Yoast SEO plugin v27.2 - https:\/\/yoast.com\/product\/yoast-seo-wordpress\/ -->\n<title>T\u00c4GLICHER BEDARF - Trafo Elettro<\/title>\n<meta name=\"robots\" content=\"index, follow, max-snippet:-1, max-image-preview:large, max-video-preview:-1\" \/>\n<link rel=\"canonical\" href=\"https:\/\/trafoelettro.com\/de\/taeglicher-bedarf\/\" \/>\n<meta property=\"og:locale\" content=\"de_DE\" \/>\n<meta property=\"og:type\" content=\"article\" \/>\n<meta property=\"og:title\" content=\"T\u00c4GLICHER BEDARF - Trafo Elettro\" \/>\n<meta property=\"og:description\" content=\"ENERGIE F\u00dcR DEN T\u00c4GLICHEN BEDARF Energie ist ein Teil des Lebens, insbesondere dort, wo ein kontinuierlicher Betrieb erforderlich ist. Viele Trafo Elettro Transformatoren werden in \u00f6ffentlichen Geb\u00e4uden wie dem Palazzo Reale in Mailand (IT), dem Palmerston Hospital (AUS), dem Isala Hospital (NL), dem Havelock City Clubhouse (LK), dem Centaurus Hotel (PK), dem Vakkaru Resort (ML) und dem Nepal Pavillon w\u00e4hrend der Expo Milano 2015 eingesetzt. ANWENDUNGEN \u00dcbertragung Zivile Verteilung\" \/>\n<meta property=\"og:url\" content=\"https:\/\/trafoelettro.com\/de\/taeglicher-bedarf\/\" \/>\n<meta property=\"og:site_name\" content=\"Trafo Elettro\" \/>\n<meta property=\"article:modified_time\" content=\"2026-03-13T12:25:26+00:00\" \/>\n<meta property=\"og:image\" content=\"https:\/\/trafoelettro.com\/wp-content\/uploads\/2025\/03\/daily-2.jpg\" \/>\n\t<meta property=\"og:image:width\" content=\"1920\" \/>\n\t<meta property=\"og:image:height\" content=\"420\" \/>\n\t<meta property=\"og:image:type\" content=\"image\/jpeg\" \/>\n<meta name=\"twitter:card\" content=\"summary_large_image\" \/>\n<script type=\"application\/ld+json\" class=\"yoast-schema-graph\">{\"@context\":\"https:\/\/schema.org\",\"@graph\":[{\"@type\":\"WebPage\",\"@id\":\"https:\/\/trafoelettro.com\/de\/taeglicher-bedarf\/\",\"url\":\"https:\/\/trafoelettro.com\/de\/taeglicher-bedarf\/\",\"name\":\"T\u00c4GLICHER BEDARF - Trafo Elettro\",\"isPartOf\":{\"@id\":\"https:\/\/chocolate-mule-156424.hostingersite.com\/#website\"},\"primaryImageOfPage\":{\"@id\":\"https:\/\/trafoelettro.com\/de\/taeglicher-bedarf\/#primaryimage\"},\"image\":{\"@id\":\"https:\/\/trafoelettro.com\/de\/taeglicher-bedarf\/#primaryimage\"},\"thumbnailUrl\":\"https:\/\/trafoelettro.com\/wp-content\/uploads\/2025\/03\/daily-2.jpg\",\"datePublished\":\"2026-03-13T12:25:24+00:00\",\"dateModified\":\"2026-03-13T12:25:26+00:00\",\"breadcrumb\":{\"@id\":\"https:\/\/trafoelettro.com\/de\/taeglicher-bedarf\/#breadcrumb\"},\"inLanguage\":\"de\",\"potentialAction\":[{\"@type\":\"ReadAction\",\"target\":[\"https:\/\/trafoelettro.com\/de\/taeglicher-bedarf\/\"]}]},{\"@type\":\"ImageObject\",\"inLanguage\":\"de\",\"@id\":\"https:\/\/trafoelettro.com\/de\/taeglicher-bedarf\/#primaryimage\",\"url\":\"https:\/\/trafoelettro.com\/wp-content\/uploads\/2025\/03\/daily-2.jpg\",\"contentUrl\":\"https:\/\/trafoelettro.com\/wp-content\/uploads\/2025\/03\/daily-2.jpg\"},{\"@type\":\"BreadcrumbList\",\"@id\":\"https:\/\/trafoelettro.com\/de\/taeglicher-bedarf\/#breadcrumb\",\"itemListElement\":[{\"@type\":\"ListItem\",\"position\":1,\"name\":\"Home\",\"item\":\"https:\/\/trafoelettro.com\/de\/startseite\/\"},{\"@type\":\"ListItem\",\"position\":2,\"name\":\"T\u00c4GLICHER BEDARF\"}]},{\"@type\":\"WebSite\",\"@id\":\"https:\/\/chocolate-mule-156424.hostingersite.com\/#website\",\"url\":\"https:\/\/chocolate-mule-156424.hostingersite.com\/\",\"name\":\"Trafo Elettro\",\"description\":\"Endless Transformation\",\"publisher\":{\"@id\":\"https:\/\/chocolate-mule-156424.hostingersite.com\/#organization\"},\"potentialAction\":[{\"@type\":\"SearchAction\",\"target\":{\"@type\":\"EntryPoint\",\"urlTemplate\":\"https:\/\/chocolate-mule-156424.hostingersite.com\/?s={search_term_string}\"},\"query-input\":{\"@type\":\"PropertyValueSpecification\",\"valueRequired\":true,\"valueName\":\"search_term_string\"}}],\"inLanguage\":\"de\"},{\"@type\":\"Organization\",\"@id\":\"https:\/\/chocolate-mule-156424.hostingersite.com\/#organization\",\"name\":\"Trafo Elettro\",\"url\":\"https:\/\/chocolate-mule-156424.hostingersite.com\/\",\"logo\":{\"@type\":\"ImageObject\",\"inLanguage\":\"de\",\"@id\":\"https:\/\/chocolate-mule-156424.hostingersite.com\/#\/schema\/logo\/image\/\",\"url\":\"https:\/\/trafoelettro.com\/wp-content\/uploads\/2025\/02\/trafoelettro_logo-1-copia.png\",\"contentUrl\":\"https:\/\/trafoelettro.com\/wp-content\/uploads\/2025\/02\/trafoelettro_logo-1-copia.png\",\"width\":374,\"height\":179,\"caption\":\"Trafo Elettro\"},\"image\":{\"@id\":\"https:\/\/chocolate-mule-156424.hostingersite.com\/#\/schema\/logo\/image\/\"}}]}<\/script>\n<!-- \/ Yoast SEO plugin. -->","yoast_head_json":{"title":"T\u00c4GLICHER BEDARF - Trafo Elettro","robots":{"index":"index","follow":"follow","max-snippet":"max-snippet:-1","max-image-preview":"max-image-preview:large","max-video-preview":"max-video-preview:-1"},"canonical":"https:\/\/trafoelettro.com\/de\/taeglicher-bedarf\/","og_locale":"de_DE","og_type":"article","og_title":"T\u00c4GLICHER BEDARF - Trafo Elettro","og_description":"ENERGIE F\u00dcR DEN T\u00c4GLICHEN BEDARF Energie ist ein Teil des Lebens, insbesondere dort, wo ein kontinuierlicher Betrieb erforderlich ist. Viele Trafo Elettro Transformatoren werden in \u00f6ffentlichen Geb\u00e4uden wie dem Palazzo Reale in Mailand (IT), dem Palmerston Hospital (AUS), dem Isala Hospital (NL), dem Havelock City Clubhouse (LK), dem Centaurus Hotel (PK), dem Vakkaru Resort (ML) und dem Nepal Pavillon w\u00e4hrend der Expo Milano 2015 eingesetzt. ANWENDUNGEN \u00dcbertragung Zivile Verteilung","og_url":"https:\/\/trafoelettro.com\/de\/taeglicher-bedarf\/","og_site_name":"Trafo Elettro","article_modified_time":"2026-03-13T12:25:26+00:00","og_image":[{"width":1920,"height":420,"url":"https:\/\/trafoelettro.com\/wp-content\/uploads\/2025\/03\/daily-2.jpg","type":"image\/jpeg"}],"twitter_card":"summary_large_image","schema":{"@context":"https:\/\/schema.org","@graph":[{"@type":"WebPage","@id":"https:\/\/trafoelettro.com\/de\/taeglicher-bedarf\/","url":"https:\/\/trafoelettro.com\/de\/taeglicher-bedarf\/","name":"T\u00c4GLICHER BEDARF - Trafo Elettro","isPartOf":{"@id":"https:\/\/chocolate-mule-156424.hostingersite.com\/#website"},"primaryImageOfPage":{"@id":"https:\/\/trafoelettro.com\/de\/taeglicher-bedarf\/#primaryimage"},"image":{"@id":"https:\/\/trafoelettro.com\/de\/taeglicher-bedarf\/#primaryimage"},"thumbnailUrl":"https:\/\/trafoelettro.com\/wp-content\/uploads\/2025\/03\/daily-2.jpg","datePublished":"2026-03-13T12:25:24+00:00","dateModified":"2026-03-13T12:25:26+00:00","breadcrumb":{"@id":"https:\/\/trafoelettro.com\/de\/taeglicher-bedarf\/#breadcrumb"},"inLanguage":"de","potentialAction":[{"@type":"ReadAction","target":["https:\/\/trafoelettro.com\/de\/taeglicher-bedarf\/"]}]},{"@type":"ImageObject","inLanguage":"de","@id":"https:\/\/trafoelettro.com\/de\/taeglicher-bedarf\/#primaryimage","url":"https:\/\/trafoelettro.com\/wp-content\/uploads\/2025\/03\/daily-2.jpg","contentUrl":"https:\/\/trafoelettro.com\/wp-content\/uploads\/2025\/03\/daily-2.jpg"},{"@type":"BreadcrumbList","@id":"https:\/\/trafoelettro.com\/de\/taeglicher-bedarf\/#breadcrumb","itemListElement":[{"@type":"ListItem","position":1,"name":"Home","item":"https:\/\/trafoelettro.com\/de\/startseite\/"},{"@type":"ListItem","position":2,"name":"T\u00c4GLICHER BEDARF"}]},{"@type":"WebSite","@id":"https:\/\/chocolate-mule-156424.hostingersite.com\/#website","url":"https:\/\/chocolate-mule-156424.hostingersite.com\/","name":"Trafo Elettro","description":"Endless Transformation","publisher":{"@id":"https:\/\/chocolate-mule-156424.hostingersite.com\/#organization"},"potentialAction":[{"@type":"SearchAction","target":{"@type":"EntryPoint","urlTemplate":"https:\/\/chocolate-mule-156424.hostingersite.com\/?s={search_term_string}"},"query-input":{"@type":"PropertyValueSpecification","valueRequired":true,"valueName":"search_term_string"}}],"inLanguage":"de"},{"@type":"Organization","@id":"https:\/\/chocolate-mule-156424.hostingersite.com\/#organization","name":"Trafo Elettro","url":"https:\/\/chocolate-mule-156424.hostingersite.com\/","logo":{"@type":"ImageObject","inLanguage":"de","@id":"https:\/\/chocolate-mule-156424.hostingersite.com\/#\/schema\/logo\/image\/","url":"https:\/\/trafoelettro.com\/wp-content\/uploads\/2025\/02\/trafoelettro_logo-1-copia.png","contentUrl":"https:\/\/trafoelettro.com\/wp-content\/uploads\/2025\/02\/trafoelettro_logo-1-copia.png","width":374,"height":179,"caption":"Trafo Elettro"},"image":{"@id":"https:\/\/chocolate-mule-156424.hostingersite.com\/#\/schema\/logo\/image\/"}}]}},"_links":{"self":[{"href":"https:\/\/trafoelettro.com\/de\/wp-json\/wp\/v2\/pages\/27557","targetHints":{"allow":["GET"]}}],"collection":[{"href":"https:\/\/trafoelettro.com\/de\/wp-json\/wp\/v2\/pages"}],"about":[{"href":"https:\/\/trafoelettro.com\/de\/wp-json\/wp\/v2\/types\/page"}],"author":[{"embeddable":true,"href":"https:\/\/trafoelettro.com\/de\/wp-json\/wp\/v2\/users\/2"}],"replies":[{"embeddable":true,"href":"https:\/\/trafoelettro.com\/de\/wp-json\/wp\/v2\/comments?post=27557"}],"version-history":[{"count":1,"href":"https:\/\/trafoelettro.com\/de\/wp-json\/wp\/v2\/pages\/27557\/revisions"}],"predecessor-version":[{"id":27561,"href":"https:\/\/trafoelettro.com\/de\/wp-json\/wp\/v2\/pages\/27557\/revisions\/27561"}],"wp:attachment":[{"href":"https:\/\/trafoelettro.com\/de\/wp-json\/wp\/v2\/media?parent=27557"}],"curies":[{"name":"wp","href":"https:\/\/api.w.org\/{rel}","templated":true}]}}