{"id":27590,"date":"2026-03-13T12:25:38","date_gmt":"2026-03-13T12:25:38","guid":{"rendered":"https:\/\/trafoelettro.com\/arbeiten-sie-mit-uns\/"},"modified":"2026-03-13T12:25:47","modified_gmt":"2026-03-13T12:25:47","slug":"arbeiten-sie-mit-uns","status":"publish","type":"page","link":"https:\/\/trafoelettro.com\/de\/arbeiten-sie-mit-uns\/","title":{"rendered":"Arbeiten Sie mit uns"},"content":{"rendered":"\t\t<div data-elementor-type=\"wp-page\" data-elementor-id=\"27590\" class=\"elementor elementor-27590 elementor-26530\" data-elementor-post-type=\"page\">\n\t\t\t\t<div class=\"elementor-element elementor-element-b484a3f e-con-full e-flex wpr-particle-no wpr-jarallax-no wpr-parallax-no wpr-sticky-section-no e-con e-parent\" data-id=\"b484a3f\" data-element_type=\"container\" data-e-type=\"container\">\n\t\t\t\t<div class=\"elementor-element elementor-element-ccbff5c elementor-widget elementor-widget-image\" data-id=\"ccbff5c\" data-element_type=\"widget\" data-e-type=\"widget\" data-widget_type=\"image.default\">\n\t\t\t\t<div class=\"elementor-widget-container\">\n\t\t\t\t\t\t\t\t\t\t\t\t\t\t\t<img fetchpriority=\"high\" decoding=\"async\" width=\"1920\" height=\"420\" src=\"https:\/\/trafoelettro.com\/wp-content\/uploads\/2025\/08\/lavora-con-noi.jpg\" class=\"attachment-full size-full wp-image-27592\" alt=\"\" srcset=\"https:\/\/trafoelettro.com\/wp-content\/uploads\/2025\/08\/lavora-con-noi.jpg 1920w, https:\/\/trafoelettro.com\/wp-content\/uploads\/2025\/08\/lavora-con-noi-300x66.jpg 300w, https:\/\/trafoelettro.com\/wp-content\/uploads\/2025\/08\/lavora-con-noi-1024x224.jpg 1024w, https:\/\/trafoelettro.com\/wp-content\/uploads\/2025\/08\/lavora-con-noi-768x168.jpg 768w, https:\/\/trafoelettro.com\/wp-content\/uploads\/2025\/08\/lavora-con-noi-1536x336.jpg 1536w\" sizes=\"(max-width: 1920px) 100vw, 1920px\" \/>\t\t\t\t\t\t\t\t\t\t\t\t\t\t\t<\/div>\n\t\t\t\t<\/div>\n\t\t\t\t<\/div>\n\t\t<div class=\"elementor-element elementor-element-ad5daf9 e-con-full e-flex wpr-particle-no wpr-jarallax-no wpr-parallax-no wpr-sticky-section-no e-con e-parent\" data-id=\"ad5daf9\" data-element_type=\"container\" data-e-type=\"container\">\n\t\t<div class=\"elementor-element elementor-element-cf09b0c e-flex e-con-boxed wpr-particle-no wpr-jarallax-no wpr-parallax-no wpr-sticky-section-no e-con e-child\" data-id=\"cf09b0c\" data-element_type=\"container\" data-e-type=\"container\">\n\t\t\t\t\t<div class=\"e-con-inner\">\n\t\t\t\t<div class=\"elementor-element elementor-element-aae98ba elementor-widget elementor-widget-heading\" data-id=\"aae98ba\" data-element_type=\"widget\" data-e-type=\"widget\" data-widget_type=\"heading.default\">\n\t\t\t\t<div class=\"elementor-widget-container\">\n\t\t\t\t\t<h2 class=\"elementor-heading-title elementor-size-default\">MIT UNS ARBEITEN\n<\/h2>\t\t\t\t<\/div>\n\t\t\t\t<\/div>\n\t\t\t\t<div class=\"elementor-element elementor-element-81cd77c elementor-widget elementor-widget-text-editor\" data-id=\"81cd77c\" data-element_type=\"widget\" data-e-type=\"widget\" data-widget_type=\"text-editor.default\">\n\t\t\t\t<div class=\"elementor-widget-container\">\n\t\t\t\t\t\t\t\t\t<p class=\"p1\">Bei Trafo Elettro einzusteigen bedeutet, Teil eines sich st\u00e4ndig weiterentwickelnden Unternehmens zu werden, eines wichtigen Akteurs in der Welt der Energie, der sich jeden Tag der Entwicklung innovativer L\u00f6sungen f\u00fcr Kunden auf der ganzen Welt widmet. Wir glauben an den Wert der Menschen, der Teamarbeit und des gemeinsamen Wachstums: Bei uns z\u00e4hlt jede Idee und jedes Talent hat die Chance zu gl\u00e4nzen. <\/p><p class=\"p1\">Bei Trafo Elettro suchen wir nach Menschen, die unsere Werte teilen:<\/p><ul><li><p class=\"p1\"><span class=\"s1\"><b>Kundenorientierung:<\/b><\/span> Die Lieferung von zuverl\u00e4ssigen, sicheren und qualitativ hochwertigen L\u00f6sungen hat f\u00fcr uns oberste Priorit\u00e4t, wobei wir stets die Erwartungen und Fristen derjenigen erf\u00fcllen, die sich f\u00fcr uns entscheiden.<\/p><\/li><li><p class=\"p1\"><span class=\"s1\"><b>Verantwortung und Leidenschaft:<\/b><\/span> Wir gehen jeden Tag mit Engagement an die Arbeit heran, ob unabh\u00e4ngig oder im Team, und tragen so zum Erfolg des gesamten Unternehmens bei.<\/p><\/li><li><p class=\"p1\"><span class=\"s1\"><b>Initiative:<\/b><\/span> Wir geben uns nie mit dem zufrieden, &#8222;was schon einmal gemacht wurde&#8220;. Wir suchen Menschen, die wachsen, lernen und neue Ideen zur Verbesserung von Produkten, Dienstleistungen und Prozessen vorschlagen wollen. <\/p><\/li><\/ul><p class=\"p1\">Wenn Sie sich in diesen Werten wiederfinden und Ihre Energie bei Trafo Elettro einbringen m\u00f6chten, senden Sie uns Ihren Lebenslauf oder pr\u00fcfen Sie unsere offenen Stellen.<\/p><p class=\"p4\"><b>Schlie\u00dfen Sie sich uns an: Gemeinsam gestalten wir die Zukunft.<\/b><\/p>\t\t\t\t\t\t\t\t<\/div>\n\t\t\t\t<\/div>\n\t\t\t\t\t<\/div>\n\t\t\t\t<\/div>\n\t\t\t\t<\/div>\n\t\t<div class=\"elementor-element elementor-element-cf538bf e-con-full e-flex wpr-particle-no wpr-jarallax-no wpr-parallax-no wpr-sticky-section-no e-con e-parent\" data-id=\"cf538bf\" data-element_type=\"container\" data-e-type=\"container\">\n\t\t\t\t<div class=\"elementor-element elementor-element-d2261a8 elementor-widget elementor-widget-heading\" data-id=\"d2261a8\" data-element_type=\"widget\" data-e-type=\"widget\" data-widget_type=\"heading.default\">\n\t\t\t\t<div class=\"elementor-widget-container\">\n\t\t\t\t\t<h2 class=\"elementor-heading-title elementor-size-default\">OFFENE POSITIONEN\n<\/h2>\t\t\t\t<\/div>\n\t\t\t\t<\/div>\n\t\t\t\t<\/div>\n\t\t<div class=\"elementor-element elementor-element-87d52cd e-con-full e-flex wpr-particle-no wpr-jarallax-no wpr-parallax-no wpr-sticky-section-no e-con e-parent\" data-id=\"87d52cd\" data-element_type=\"container\" data-e-type=\"container\">\n\t\t<div class=\"elementor-element elementor-element-898d15d e-flex e-con-boxed wpr-particle-no wpr-jarallax-no wpr-parallax-no wpr-sticky-section-no e-con e-child\" data-id=\"898d15d\" data-element_type=\"container\" data-e-type=\"container\">\n\t\t\t\t\t<div class=\"e-con-inner\">\n\t\t\t\t<div class=\"elementor-element elementor-element-1970bdf elementor-grid-2 elementor-grid-tablet-2 elementor-grid-mobile-1 elementor-widget elementor-widget-loop-grid\" data-id=\"1970bdf\" data-element_type=\"widget\" data-e-type=\"widget\" data-settings=\"{&quot;template_id&quot;:27292,&quot;masonry&quot;:&quot;yes&quot;,&quot;columns&quot;:2,&quot;row_gap&quot;:{&quot;unit&quot;:&quot;px&quot;,&quot;size&quot;:30,&quot;sizes&quot;:[]},&quot;_skin&quot;:&quot;post&quot;,&quot;columns_tablet&quot;:&quot;2&quot;,&quot;columns_mobile&quot;:&quot;1&quot;,&quot;edit_handle_selector&quot;:&quot;[data-elementor-type=\\&quot;loop-item\\&quot;]&quot;,&quot;row_gap_tablet&quot;:{&quot;unit&quot;:&quot;px&quot;,&quot;size&quot;:&quot;&quot;,&quot;sizes&quot;:[]},&quot;row_gap_mobile&quot;:{&quot;unit&quot;:&quot;px&quot;,&quot;size&quot;:&quot;&quot;,&quot;sizes&quot;:[]}}\" data-widget_type=\"loop-grid.post\">\n\t\t\t\t<div class=\"elementor-widget-container\">\n\t\t\t\t\t\t\t<div class=\"e-loop-nothing-found-message\">\n\t\t<\/div>\n\t\t\t\t\t\t<\/div>\n\t\t\t\t<\/div>\n\t\t\t\t\t<\/div>\n\t\t\t\t<\/div>\n\t\t\t\t<\/div>\n\t\t<div class=\"elementor-element elementor-element-cb04147 e-con-full e-flex wpr-particle-no wpr-jarallax-no wpr-parallax-no wpr-sticky-section-no e-con e-parent\" data-id=\"cb04147\" data-element_type=\"container\" data-e-type=\"container\">\n\t\t<div class=\"elementor-element elementor-element-ab2d70d e-flex e-con-boxed wpr-particle-no wpr-jarallax-no wpr-parallax-no wpr-sticky-section-no e-con e-child\" data-id=\"ab2d70d\" data-element_type=\"container\" data-e-type=\"container\">\n\t\t\t\t\t<div class=\"e-con-inner\">\n\t\t\t\t<div class=\"elementor-element elementor-element-77e8a28 elementor-widget-divider--view-line elementor-widget elementor-widget-divider\" data-id=\"77e8a28\" data-element_type=\"widget\" data-e-type=\"widget\" data-widget_type=\"divider.default\">\n\t\t\t\t<div class=\"elementor-widget-container\">\n\t\t\t\t\t\t\t<div class=\"elementor-divider\">\n\t\t\t<span class=\"elementor-divider-separator\">\n\t\t\t\t\t\t<\/span>\n\t\t<\/div>\n\t\t\t\t\t\t<\/div>\n\t\t\t\t<\/div>\n\t\t\t\t<div class=\"elementor-element elementor-element-33a1f55 elementor-widget elementor-widget-heading\" data-id=\"33a1f55\" data-element_type=\"widget\" data-e-type=\"widget\" data-widget_type=\"heading.default\">\n\t\t\t\t<div class=\"elementor-widget-container\">\n\t\t\t\t\t<h2 class=\"elementor-heading-title elementor-size-default\">Spontane Anwendung\n<\/h2>\t\t\t\t<\/div>\n\t\t\t\t<\/div>\n\t\t\t\t<div class=\"elementor-element elementor-element-d69c00c elementor-widget elementor-widget-text-editor\" data-id=\"d69c00c\" data-element_type=\"widget\" data-e-type=\"widget\" data-widget_type=\"text-editor.default\">\n\t\t\t\t<div class=\"elementor-widget-container\">\n\t\t\t\t\t\t\t\t\t<p class=\"p1\">Haben Sie keine Stelle gefunden, die Ihrem Profil entspricht?<\/p><p class=\"p1\">Bei Trafo Elettro sind wir immer auf der Suche nach motivierten Menschen, die mit uns wachsen wollen. Senden Sie uns Ihren Lebenslauf: Wir werden Ihre Bewerbung sorgf\u00e4ltig pr\u00fcfen und uns mit Ihnen in Verbindung setzen, wenn sich M\u00f6glichkeiten ergeben, die Ihren F\u00e4higkeiten und Erfahrungen entsprechen. <\/p>\t\t\t\t\t\t\t\t<\/div>\n\t\t\t\t<\/div>\n\t\t\t\t<div class=\"elementor-element elementor-element-8aed3de elementor-align-center elementor-widget elementor-widget-button\" data-id=\"8aed3de\" data-element_type=\"widget\" data-e-type=\"widget\" data-widget_type=\"button.default\">\n\t\t\t\t<div class=\"elementor-widget-container\">\n\t\t\t\t\t\t\t\t\t<div class=\"elementor-button-wrapper\">\n\t\t\t\t\t<a class=\"elementor-button elementor-button-link elementor-size-sm\" href=\"#elementor-action%3Aaction%3Dpopup%3Aopen%26settings%3DeyJpZCI6MjcyODgsInRvZ2dsZSI6ZmFsc2V9\">\n\t\t\t\t\t\t<span class=\"elementor-button-content-wrapper\">\n\t\t\t\t\t\t\t\t\t<span class=\"elementor-button-text\">SPONTANBEWERBUNG SENDEN<\/span>\n\t\t\t\t\t<\/span>\n\t\t\t\t\t<\/a>\n\t\t\t\t<\/div>\n\t\t\t\t\t\t\t\t<\/div>\n\t\t\t\t<\/div>\n\t\t\t\t<div class=\"elementor-element elementor-element-4130379 elementor-widget elementor-widget-spacer\" data-id=\"4130379\" data-element_type=\"widget\" data-e-type=\"widget\" data-widget_type=\"spacer.default\">\n\t\t\t\t<div class=\"elementor-widget-container\">\n\t\t\t\t\t\t\t<div class=\"elementor-spacer\">\n\t\t\t<div class=\"elementor-spacer-inner\"><\/div>\n\t\t<\/div>\n\t\t\t\t\t\t<\/div>\n\t\t\t\t<\/div>\n\t\t\t\t\t<\/div>\n\t\t\t\t<\/div>\n\t\t\t\t<\/div>\n\t\t\t\t<\/div>\n\t\t","protected":false},"excerpt":{"rendered":"<p>MIT UNS ARBEITEN Bei Trafo Elettro einzusteigen bedeutet, Teil eines sich st\u00e4ndig weiterentwickelnden Unternehmens zu werden, eines wichtigen Akteurs in der Welt der Energie, der sich jeden Tag der Entwicklung innovativer L\u00f6sungen f\u00fcr Kunden auf der ganzen Welt widmet. Wir glauben an den Wert der Menschen, der Teamarbeit und des gemeinsamen Wachstums: Bei uns z\u00e4hlt jede Idee und jedes Talent hat die Chance zu gl\u00e4nzen. Bei Trafo Elettro suchen wir nach Menschen, die unsere Werte teilen: Kundenorientierung: Die Lieferung von zuverl\u00e4ssigen, sicheren und qualitativ hochwertigen L\u00f6sungen hat f\u00fcr uns oberste Priorit\u00e4t, wobei wir stets die Erwartungen und Fristen derjenigen erf\u00fcllen, die sich f\u00fcr uns entscheiden. Verantwortung und Leidenschaft: Wir gehen jeden Tag mit Engagement an die Arbeit heran, ob unabh\u00e4ngig oder im Team, und tragen so zum Erfolg des gesamten Unternehmens bei. Initiative: Wir geben uns nie mit dem zufrieden, &#8222;was schon einmal gemacht wurde&#8220;. Wir suchen Menschen, die wachsen, lernen und neue Ideen zur Verbesserung von Produkten, Dienstleistungen und Prozessen vorschlagen wollen. Wenn Sie sich in diesen Werten wiederfinden und Ihre Energie bei Trafo Elettro einbringen m\u00f6chten, senden Sie uns Ihren Lebenslauf oder pr\u00fcfen Sie unsere offenen Stellen. Schlie\u00dfen Sie sich uns an: Gemeinsam gestalten wir die Zukunft. OFFENE POSITIONEN Spontane Anwendung Haben Sie keine Stelle gefunden, die Ihrem Profil entspricht? Bei Trafo Elettro sind wir immer auf der Suche nach motivierten Menschen, die mit uns wachsen wollen. Senden Sie uns Ihren Lebenslauf: Wir werden Ihre Bewerbung sorgf\u00e4ltig pr\u00fcfen und uns mit Ihnen in Verbindung setzen, wenn sich M\u00f6glichkeiten ergeben, die Ihren F\u00e4higkeiten und Erfahrungen entsprechen. SPONTANBEWERBUNG SENDEN<\/p>\n","protected":false},"author":2,"featured_media":0,"parent":0,"menu_order":0,"comment_status":"closed","ping_status":"closed","template":"","meta":{"_acf_changed":false,"footnotes":""},"class_list":["post-27590","page","type-page","status-publish","hentry"],"acf":[],"yoast_head":"<!-- This site is optimized with the Yoast SEO plugin v27.2 - https:\/\/yoast.com\/product\/yoast-seo-wordpress\/ -->\n<title>Arbeiten Sie mit uns - Trafo Elettro<\/title>\n<meta name=\"robots\" content=\"index, follow, max-snippet:-1, max-image-preview:large, max-video-preview:-1\" \/>\n<link rel=\"canonical\" href=\"https:\/\/trafoelettro.com\/de\/arbeiten-sie-mit-uns\/\" \/>\n<meta property=\"og:locale\" content=\"de_DE\" \/>\n<meta property=\"og:type\" content=\"article\" \/>\n<meta property=\"og:title\" content=\"Arbeiten Sie mit uns - Trafo Elettro\" \/>\n<meta property=\"og:description\" content=\"MIT UNS ARBEITEN Bei Trafo Elettro einzusteigen bedeutet, Teil eines sich st\u00e4ndig weiterentwickelnden Unternehmens zu werden, eines wichtigen Akteurs in der Welt der Energie, der sich jeden Tag der Entwicklung innovativer L\u00f6sungen f\u00fcr Kunden auf der ganzen Welt widmet. Wir glauben an den Wert der Menschen, der Teamarbeit und des gemeinsamen Wachstums: Bei uns z\u00e4hlt jede Idee und jedes Talent hat die Chance zu gl\u00e4nzen. Bei Trafo Elettro suchen wir nach Menschen, die unsere Werte teilen: Kundenorientierung: Die Lieferung von zuverl\u00e4ssigen, sicheren und qualitativ hochwertigen L\u00f6sungen hat f\u00fcr uns oberste Priorit\u00e4t, wobei wir stets die Erwartungen und Fristen derjenigen erf\u00fcllen, die sich f\u00fcr uns entscheiden. Verantwortung und Leidenschaft: Wir gehen jeden Tag mit Engagement an die Arbeit heran, ob unabh\u00e4ngig oder im Team, und tragen so zum Erfolg des gesamten Unternehmens bei. Initiative: Wir geben uns nie mit dem zufrieden, &#8222;was schon einmal gemacht wurde&#8220;. Wir suchen Menschen, die wachsen, lernen und neue Ideen zur Verbesserung von Produkten, Dienstleistungen und Prozessen vorschlagen wollen. Wenn Sie sich in diesen Werten wiederfinden und Ihre Energie bei Trafo Elettro einbringen m\u00f6chten, senden Sie uns Ihren Lebenslauf oder pr\u00fcfen Sie unsere offenen Stellen. Schlie\u00dfen Sie sich uns an: Gemeinsam gestalten wir die Zukunft. OFFENE POSITIONEN Spontane Anwendung Haben Sie keine Stelle gefunden, die Ihrem Profil entspricht? Bei Trafo Elettro sind wir immer auf der Suche nach motivierten Menschen, die mit uns wachsen wollen. Senden Sie uns Ihren Lebenslauf: Wir werden Ihre Bewerbung sorgf\u00e4ltig pr\u00fcfen und uns mit Ihnen in Verbindung setzen, wenn sich M\u00f6glichkeiten ergeben, die Ihren F\u00e4higkeiten und Erfahrungen entsprechen. SPONTANBEWERBUNG SENDEN\" \/>\n<meta property=\"og:url\" content=\"https:\/\/trafoelettro.com\/de\/arbeiten-sie-mit-uns\/\" \/>\n<meta property=\"og:site_name\" content=\"Trafo Elettro\" \/>\n<meta property=\"article:modified_time\" content=\"2026-03-13T12:25:47+00:00\" \/>\n<meta property=\"og:image\" content=\"https:\/\/trafoelettro.com\/wp-content\/uploads\/2025\/08\/lavora-con-noi.jpg\" \/>\n\t<meta property=\"og:image:width\" content=\"1920\" \/>\n\t<meta property=\"og:image:height\" content=\"420\" \/>\n\t<meta property=\"og:image:type\" content=\"image\/jpeg\" \/>\n<meta name=\"twitter:card\" content=\"summary_large_image\" \/>\n<meta name=\"twitter:label1\" content=\"Gesch\u00e4tzte Lesezeit\" \/>\n\t<meta name=\"twitter:data1\" content=\"1\u00a0Minute\" \/>\n<script type=\"application\/ld+json\" class=\"yoast-schema-graph\">{\"@context\":\"https:\/\/schema.org\",\"@graph\":[{\"@type\":\"WebPage\",\"@id\":\"https:\/\/trafoelettro.com\/de\/arbeiten-sie-mit-uns\/\",\"url\":\"https:\/\/trafoelettro.com\/de\/arbeiten-sie-mit-uns\/\",\"name\":\"Arbeiten Sie mit uns - Trafo Elettro\",\"isPartOf\":{\"@id\":\"https:\/\/chocolate-mule-156424.hostingersite.com\/#website\"},\"primaryImageOfPage\":{\"@id\":\"https:\/\/trafoelettro.com\/de\/arbeiten-sie-mit-uns\/#primaryimage\"},\"image\":{\"@id\":\"https:\/\/trafoelettro.com\/de\/arbeiten-sie-mit-uns\/#primaryimage\"},\"thumbnailUrl\":\"https:\/\/trafoelettro.com\/wp-content\/uploads\/2025\/08\/lavora-con-noi.jpg\",\"datePublished\":\"2026-03-13T12:25:38+00:00\",\"dateModified\":\"2026-03-13T12:25:47+00:00\",\"breadcrumb\":{\"@id\":\"https:\/\/trafoelettro.com\/de\/arbeiten-sie-mit-uns\/#breadcrumb\"},\"inLanguage\":\"de\",\"potentialAction\":[{\"@type\":\"ReadAction\",\"target\":[\"https:\/\/trafoelettro.com\/de\/arbeiten-sie-mit-uns\/\"]}]},{\"@type\":\"ImageObject\",\"inLanguage\":\"de\",\"@id\":\"https:\/\/trafoelettro.com\/de\/arbeiten-sie-mit-uns\/#primaryimage\",\"url\":\"https:\/\/trafoelettro.com\/wp-content\/uploads\/2025\/08\/lavora-con-noi.jpg\",\"contentUrl\":\"https:\/\/trafoelettro.com\/wp-content\/uploads\/2025\/08\/lavora-con-noi.jpg\"},{\"@type\":\"BreadcrumbList\",\"@id\":\"https:\/\/trafoelettro.com\/de\/arbeiten-sie-mit-uns\/#breadcrumb\",\"itemListElement\":[{\"@type\":\"ListItem\",\"position\":1,\"name\":\"Home\",\"item\":\"https:\/\/trafoelettro.com\/de\/startseite\/\"},{\"@type\":\"ListItem\",\"position\":2,\"name\":\"Arbeiten Sie mit uns\"}]},{\"@type\":\"WebSite\",\"@id\":\"https:\/\/chocolate-mule-156424.hostingersite.com\/#website\",\"url\":\"https:\/\/chocolate-mule-156424.hostingersite.com\/\",\"name\":\"Trafo Elettro\",\"description\":\"Endless Transformation\",\"publisher\":{\"@id\":\"https:\/\/chocolate-mule-156424.hostingersite.com\/#organization\"},\"potentialAction\":[{\"@type\":\"SearchAction\",\"target\":{\"@type\":\"EntryPoint\",\"urlTemplate\":\"https:\/\/chocolate-mule-156424.hostingersite.com\/?s={search_term_string}\"},\"query-input\":{\"@type\":\"PropertyValueSpecification\",\"valueRequired\":true,\"valueName\":\"search_term_string\"}}],\"inLanguage\":\"de\"},{\"@type\":\"Organization\",\"@id\":\"https:\/\/chocolate-mule-156424.hostingersite.com\/#organization\",\"name\":\"Trafo Elettro\",\"url\":\"https:\/\/chocolate-mule-156424.hostingersite.com\/\",\"logo\":{\"@type\":\"ImageObject\",\"inLanguage\":\"de\",\"@id\":\"https:\/\/chocolate-mule-156424.hostingersite.com\/#\/schema\/logo\/image\/\",\"url\":\"https:\/\/trafoelettro.com\/wp-content\/uploads\/2025\/02\/trafoelettro_logo-1-copia.png\",\"contentUrl\":\"https:\/\/trafoelettro.com\/wp-content\/uploads\/2025\/02\/trafoelettro_logo-1-copia.png\",\"width\":374,\"height\":179,\"caption\":\"Trafo Elettro\"},\"image\":{\"@id\":\"https:\/\/chocolate-mule-156424.hostingersite.com\/#\/schema\/logo\/image\/\"}}]}<\/script>\n<!-- \/ Yoast SEO plugin. -->","yoast_head_json":{"title":"Arbeiten Sie mit uns - Trafo Elettro","robots":{"index":"index","follow":"follow","max-snippet":"max-snippet:-1","max-image-preview":"max-image-preview:large","max-video-preview":"max-video-preview:-1"},"canonical":"https:\/\/trafoelettro.com\/de\/arbeiten-sie-mit-uns\/","og_locale":"de_DE","og_type":"article","og_title":"Arbeiten Sie mit uns - Trafo Elettro","og_description":"MIT UNS ARBEITEN Bei Trafo Elettro einzusteigen bedeutet, Teil eines sich st\u00e4ndig weiterentwickelnden Unternehmens zu werden, eines wichtigen Akteurs in der Welt der Energie, der sich jeden Tag der Entwicklung innovativer L\u00f6sungen f\u00fcr Kunden auf der ganzen Welt widmet. Wir glauben an den Wert der Menschen, der Teamarbeit und des gemeinsamen Wachstums: Bei uns z\u00e4hlt jede Idee und jedes Talent hat die Chance zu gl\u00e4nzen. Bei Trafo Elettro suchen wir nach Menschen, die unsere Werte teilen: Kundenorientierung: Die Lieferung von zuverl\u00e4ssigen, sicheren und qualitativ hochwertigen L\u00f6sungen hat f\u00fcr uns oberste Priorit\u00e4t, wobei wir stets die Erwartungen und Fristen derjenigen erf\u00fcllen, die sich f\u00fcr uns entscheiden. Verantwortung und Leidenschaft: Wir gehen jeden Tag mit Engagement an die Arbeit heran, ob unabh\u00e4ngig oder im Team, und tragen so zum Erfolg des gesamten Unternehmens bei. Initiative: Wir geben uns nie mit dem zufrieden, &#8222;was schon einmal gemacht wurde&#8220;. Wir suchen Menschen, die wachsen, lernen und neue Ideen zur Verbesserung von Produkten, Dienstleistungen und Prozessen vorschlagen wollen. Wenn Sie sich in diesen Werten wiederfinden und Ihre Energie bei Trafo Elettro einbringen m\u00f6chten, senden Sie uns Ihren Lebenslauf oder pr\u00fcfen Sie unsere offenen Stellen. Schlie\u00dfen Sie sich uns an: Gemeinsam gestalten wir die Zukunft. OFFENE POSITIONEN Spontane Anwendung Haben Sie keine Stelle gefunden, die Ihrem Profil entspricht? Bei Trafo Elettro sind wir immer auf der Suche nach motivierten Menschen, die mit uns wachsen wollen. Senden Sie uns Ihren Lebenslauf: Wir werden Ihre Bewerbung sorgf\u00e4ltig pr\u00fcfen und uns mit Ihnen in Verbindung setzen, wenn sich M\u00f6glichkeiten ergeben, die Ihren F\u00e4higkeiten und Erfahrungen entsprechen. SPONTANBEWERBUNG SENDEN","og_url":"https:\/\/trafoelettro.com\/de\/arbeiten-sie-mit-uns\/","og_site_name":"Trafo Elettro","article_modified_time":"2026-03-13T12:25:47+00:00","og_image":[{"width":1920,"height":420,"url":"https:\/\/trafoelettro.com\/wp-content\/uploads\/2025\/08\/lavora-con-noi.jpg","type":"image\/jpeg"}],"twitter_card":"summary_large_image","twitter_misc":{"Gesch\u00e4tzte Lesezeit":"1\u00a0Minute"},"schema":{"@context":"https:\/\/schema.org","@graph":[{"@type":"WebPage","@id":"https:\/\/trafoelettro.com\/de\/arbeiten-sie-mit-uns\/","url":"https:\/\/trafoelettro.com\/de\/arbeiten-sie-mit-uns\/","name":"Arbeiten Sie mit uns - Trafo Elettro","isPartOf":{"@id":"https:\/\/chocolate-mule-156424.hostingersite.com\/#website"},"primaryImageOfPage":{"@id":"https:\/\/trafoelettro.com\/de\/arbeiten-sie-mit-uns\/#primaryimage"},"image":{"@id":"https:\/\/trafoelettro.com\/de\/arbeiten-sie-mit-uns\/#primaryimage"},"thumbnailUrl":"https:\/\/trafoelettro.com\/wp-content\/uploads\/2025\/08\/lavora-con-noi.jpg","datePublished":"2026-03-13T12:25:38+00:00","dateModified":"2026-03-13T12:25:47+00:00","breadcrumb":{"@id":"https:\/\/trafoelettro.com\/de\/arbeiten-sie-mit-uns\/#breadcrumb"},"inLanguage":"de","potentialAction":[{"@type":"ReadAction","target":["https:\/\/trafoelettro.com\/de\/arbeiten-sie-mit-uns\/"]}]},{"@type":"ImageObject","inLanguage":"de","@id":"https:\/\/trafoelettro.com\/de\/arbeiten-sie-mit-uns\/#primaryimage","url":"https:\/\/trafoelettro.com\/wp-content\/uploads\/2025\/08\/lavora-con-noi.jpg","contentUrl":"https:\/\/trafoelettro.com\/wp-content\/uploads\/2025\/08\/lavora-con-noi.jpg"},{"@type":"BreadcrumbList","@id":"https:\/\/trafoelettro.com\/de\/arbeiten-sie-mit-uns\/#breadcrumb","itemListElement":[{"@type":"ListItem","position":1,"name":"Home","item":"https:\/\/trafoelettro.com\/de\/startseite\/"},{"@type":"ListItem","position":2,"name":"Arbeiten Sie mit uns"}]},{"@type":"WebSite","@id":"https:\/\/chocolate-mule-156424.hostingersite.com\/#website","url":"https:\/\/chocolate-mule-156424.hostingersite.com\/","name":"Trafo Elettro","description":"Endless Transformation","publisher":{"@id":"https:\/\/chocolate-mule-156424.hostingersite.com\/#organization"},"potentialAction":[{"@type":"SearchAction","target":{"@type":"EntryPoint","urlTemplate":"https:\/\/chocolate-mule-156424.hostingersite.com\/?s={search_term_string}"},"query-input":{"@type":"PropertyValueSpecification","valueRequired":true,"valueName":"search_term_string"}}],"inLanguage":"de"},{"@type":"Organization","@id":"https:\/\/chocolate-mule-156424.hostingersite.com\/#organization","name":"Trafo Elettro","url":"https:\/\/chocolate-mule-156424.hostingersite.com\/","logo":{"@type":"ImageObject","inLanguage":"de","@id":"https:\/\/chocolate-mule-156424.hostingersite.com\/#\/schema\/logo\/image\/","url":"https:\/\/trafoelettro.com\/wp-content\/uploads\/2025\/02\/trafoelettro_logo-1-copia.png","contentUrl":"https:\/\/trafoelettro.com\/wp-content\/uploads\/2025\/02\/trafoelettro_logo-1-copia.png","width":374,"height":179,"caption":"Trafo Elettro"},"image":{"@id":"https:\/\/chocolate-mule-156424.hostingersite.com\/#\/schema\/logo\/image\/"}}]}},"_links":{"self":[{"href":"https:\/\/trafoelettro.com\/de\/wp-json\/wp\/v2\/pages\/27590","targetHints":{"allow":["GET"]}}],"collection":[{"href":"https:\/\/trafoelettro.com\/de\/wp-json\/wp\/v2\/pages"}],"about":[{"href":"https:\/\/trafoelettro.com\/de\/wp-json\/wp\/v2\/types\/page"}],"author":[{"embeddable":true,"href":"https:\/\/trafoelettro.com\/de\/wp-json\/wp\/v2\/users\/2"}],"replies":[{"embeddable":true,"href":"https:\/\/trafoelettro.com\/de\/wp-json\/wp\/v2\/comments?post=27590"}],"version-history":[{"count":1,"href":"https:\/\/trafoelettro.com\/de\/wp-json\/wp\/v2\/pages\/27590\/revisions"}],"predecessor-version":[{"id":27593,"href":"https:\/\/trafoelettro.com\/de\/wp-json\/wp\/v2\/pages\/27590\/revisions\/27593"}],"wp:attachment":[{"href":"https:\/\/trafoelettro.com\/de\/wp-json\/wp\/v2\/media?parent=27590"}],"curies":[{"name":"wp","href":"https:\/\/api.w.org\/{rel}","templated":true}]}}